{"id":8708,"date":"2025-06-18T10:45:29","date_gmt":"2025-06-18T10:45:29","guid":{"rendered":"https:\/\/aranafix.com\/politica-de-cookies\/"},"modified":"2025-06-18T10:54:46","modified_gmt":"2025-06-18T10:54:46","slug":"politica-de-cookies","status":"publish","type":"page","link":"https:\/\/aranafix.com\/es\/politica-de-cookies\/","title":{"rendered":"Pol\u00edtica de Cookies"},"content":{"rendered":"\t\t<div data-elementor-type=\"wp-page\" data-elementor-id=\"8708\" class=\"elementor elementor-8708 elementor-8702\" data-elementor-post-type=\"page\">\n\t\t\t\t\t\t<section class=\"elementor-section elementor-top-section elementor-element elementor-element-0b01362 elementor-section-boxed elementor-section-height-default elementor-section-height-default\" data-id=\"0b01362\" data-element_type=\"section\" data-settings=\"{&quot;background_background&quot;:&quot;classic&quot;}\">\n\t\t\t\t\t\t<div class=\"elementor-container elementor-column-gap-no\">\n\t\t\t\t\t<div class=\"elementor-column elementor-col-100 elementor-top-column elementor-element elementor-element-4a5655e\" data-id=\"4a5655e\" data-element_type=\"column\">\n\t\t\t<div class=\"elementor-widget-wrap elementor-element-populated\">\n\t\t\t\t\t\t<div class=\"elementor-element elementor-element-f779d16 elementor-widget elementor-widget-heading\" data-id=\"f779d16\" data-element_type=\"widget\" data-widget_type=\"heading.default\">\n\t\t\t\t\t\t<div class=\"elementor-widget-container\">\n\t\t\t\t\t<h1 class=\"elementor-heading-title elementor-size-default\">Pol\u00edtica de Cookies<\/h1>\t\t\t\t<\/div>\n\t\t\t\t<\/div>\n\t\t\t\t\t<\/div>\n\t\t<\/div>\n\t\t\t\t\t<\/div>\n\t\t<\/section>\n\t\t<div class=\"elementor-element elementor-element-5323a43 e-flex e-con-boxed e-con e-parent\" data-id=\"5323a43\" data-element_type=\"container\">\n\t\t\t\t\t<div class=\"e-con-inner\">\n\t\t<div class=\"elementor-element elementor-element-31ee78b e-con-full e-flex e-con e-child\" data-id=\"31ee78b\" data-element_type=\"container\">\n\t\t\t\t<div class=\"elementor-element elementor-element-25d10a8 elementor-widget elementor-widget-text-editor\" data-id=\"25d10a8\" data-element_type=\"widget\" data-widget_type=\"text-editor.default\">\n\t\t\t\t\t\t<div class=\"elementor-widget-container\">\n\t\t\t\t\t\t\t\t\t<p>En cumplimiento con lo dispuesto en el art\u00edculo 22.2 de la Ley 34\/2002, de Servicios de la Sociedad de la Informaci\u00f3n y del Comercio Electr\u00f3nico (LSSI), y de conformidad con el Reglamento (UE) 2016\/679 (RGPD), ARANA AHOLKULARITZA S.L. informa a los usuarios sobre el uso de cookies en su sitio web.<\/p><h4>\u00bfQu\u00e9 son las cookies?<\/h4><p>Las cookies son peque\u00f1os archivos de texto que los sitios web instalan en el dispositivo del usuario (ordenador, m\u00f3vil, tablet&#8230;) al navegar por la web. Sirven para recopilar informaci\u00f3n sobre su navegaci\u00f3n y mejorar su experiencia como usuario. <\/p><h4>Tipos de cookies utilizadas<\/h4><p>Este sitio web puede utilizar los siguientes tipos de cookies:<\/p><ul><li><strong>Cookies t\u00e9cnicas:<\/strong> necesarias para el funcionamiento del sitio web. Permiten al usuario la navegaci\u00f3n y la utilizaci\u00f3n de las diferentes opciones o servicios que en ella existen. <\/li><li><strong>Cookies de an\u00e1lisis:<\/strong> permiten el seguimiento y an\u00e1lisis del comportamiento de los usuarios del sitio web. Utilizamos estas cookies para conocer qu\u00e9 p\u00e1ginas se visitan m\u00e1s o cu\u00e1nto tiempo permanece un usuario en cada secci\u00f3n, con el fin de mejorar la usabilidad. <\/li><li><strong>Cookies de personalizaci\u00f3n:<\/strong> permiten recordar informaci\u00f3n para que el usuario acceda al servicio con determinadas caracter\u00edsticas (idioma, tipo de navegador, configuraci\u00f3n regional&#8230;).<\/li><li><strong>Cookies de terceros:<\/strong> este sitio web puede usar servicios de terceros que recopilan informaci\u00f3n con fines estad\u00edsticos y de uso del sitio web (como Google Analytics).<\/li><\/ul><p><strong>Este sitio web no utiliza cookies publicitarias propias ni de terceros.<\/strong><\/p><h4>\u00bfC\u00f3mo gestionar las cookies?<\/h4><p>Puedes permitir, bloquear o eliminar las cookies instaladas en tu equipo mediante la configuraci\u00f3n de las opciones de tu navegador. A continuaci\u00f3n, te facilitamos enlaces a la informaci\u00f3n de los navegadores m\u00e1s comunes: <\/p><ul><li>Google Chrome<\/li><li>Mozilla Firefox<\/li><li>Safari<\/li><li>Microsoft Edge<\/li><\/ul><p>La desactivaci\u00f3n de algunas cookies puede afectar al funcionamiento correcto de algunas secciones del sitio web.<\/p><h4>Consentimiento<\/h4><p>Al navegar y continuar en nuestro sitio web, consientes el uso de las cookies descritas en las condiciones de esta Pol\u00edtica, salvo que hayas modificado la configuraci\u00f3n de tu navegador para rechazar su uso.<\/p>\t\t\t\t\t\t\t\t<\/div>\n\t\t\t\t<\/div>\n\t\t\t\t<\/div>\n\t\t\t\t\t<\/div>\n\t\t\t\t<\/div>\n\t\t\t\t<\/div>\n\t\t","protected":false},"excerpt":{"rendered":"<p>Pol\u00edtica de Cookies En cumplimiento con lo dispuesto en el art\u00edculo 22.2 de la Ley 34\/2002, de Servicios de la Sociedad de la Informaci\u00f3n y del Comercio Electr\u00f3nico (LSSI), y de conformidad con el Reglamento (UE) 2016\/679 (RGPD), ARANA AHOLKULARITZA S.L. informa a los usuarios sobre el uso de cookies en su sitio web. \u00bfQu\u00e9&hellip; <a class=\"continue\" href=\"https:\/\/aranafix.com\/es\/politica-de-cookies\/\">Continue Reading<span> Pol\u00edtica de Cookies<\/span><\/a><\/p>\n","protected":false},"author":1,"featured_media":0,"parent":0,"menu_order":0,"comment_status":"closed","ping_status":"closed","template":"","meta":{"site-sidebar-layout":"no-sidebar","site-content-layout":"page-builder","ast-site-content-layout":"full-width-container","site-content-style":"default","site-sidebar-style":"default","ast-global-header-display":"","ast-banner-title-visibility":"","ast-main-header-display":"","ast-hfb-above-header-display":"","ast-hfb-below-header-display":"","ast-hfb-mobile-header-display":"","site-post-title":"disabled","ast-breadcrumbs-content":"","ast-featured-img":"disabled","footer-sml-layout":"","theme-transparent-header-meta":"","adv-header-id-meta":"","stick-header-meta":"","header-above-stick-meta":"","header-main-stick-meta":"","header-below-stick-meta":"","astra-migrate-meta-layouts":"default","ast-page-background-enabled":"default","ast-page-background-meta":{"desktop":{"background-color":"","background-image":"","background-repeat":"repeat","background-position":"center center","background-size":"auto","background-attachment":"scroll","background-type":"","background-media":"","overlay-type":"","overlay-color":"","overlay-opacity":"","overlay-gradient":""},"tablet":{"background-color":"","background-image":"","background-repeat":"repeat","background-position":"center center","background-size":"auto","background-attachment":"scroll","background-type":"","background-media":"","overlay-type":"","overlay-color":"","overlay-opacity":"","overlay-gradient":""},"mobile":{"background-color":"","background-image":"","background-repeat":"repeat","background-position":"center center","background-size":"auto","background-attachment":"scroll","background-type":"","background-media":"","overlay-type":"","overlay-color":"","overlay-opacity":"","overlay-gradient":""}},"ast-content-background-meta":{"desktop":{"background-color":"var(--ast-global-color-5)","background-image":"","background-repeat":"repeat","background-position":"center center","background-size":"auto","background-attachment":"scroll","background-type":"","background-media":"","overlay-type":"","overlay-color":"","overlay-opacity":"","overlay-gradient":""},"tablet":{"background-color":"var(--ast-global-color-5)","background-image":"","background-repeat":"repeat","background-position":"center center","background-size":"auto","background-attachment":"scroll","background-type":"","background-media":"","overlay-type":"","overlay-color":"","overlay-opacity":"","overlay-gradient":""},"mobile":{"background-color":"var(--ast-global-color-5)","background-image":"","background-repeat":"repeat","background-position":"center center","background-size":"auto","background-attachment":"scroll","background-type":"","background-media":"","overlay-type":"","overlay-color":"","overlay-opacity":"","overlay-gradient":""}},"footnotes":""},"class_list":["post-8708","page","type-page","status-publish","hentry"],"yoast_head":"<!-- This site is optimized with the Yoast SEO plugin v26.1.1 - https:\/\/yoast.com\/wordpress\/plugins\/seo\/ -->\n<title>Pol\u00edtica de Cookies - Arana Aholkularitza<\/title>\n<meta name=\"robots\" content=\"index, follow, max-snippet:-1, max-image-preview:large, max-video-preview:-1\" \/>\n<link rel=\"canonical\" href=\"https:\/\/aranafix.com\/es\/politica-de-cookies\/\" \/>\n<meta property=\"og:locale\" content=\"es_ES\" \/>\n<meta property=\"og:type\" content=\"article\" \/>\n<meta property=\"og:title\" content=\"Pol\u00edtica de Cookies - Arana Aholkularitza\" \/>\n<meta property=\"og:description\" content=\"Pol\u00edtica de Cookies En cumplimiento con lo dispuesto en el art\u00edculo 22.2 de la Ley 34\/2002, de Servicios de la Sociedad de la Informaci\u00f3n y del Comercio Electr\u00f3nico (LSSI), y de conformidad con el Reglamento (UE) 2016\/679 (RGPD), ARANA AHOLKULARITZA S.L. informa a los usuarios sobre el uso de cookies en su sitio web. \u00bfQu\u00e9&hellip; Continue Reading Pol\u00edtica de Cookies\" \/>\n<meta property=\"og:url\" content=\"https:\/\/aranafix.com\/es\/politica-de-cookies\/\" \/>\n<meta property=\"og:site_name\" content=\"Arana Aholkularitza\" \/>\n<meta property=\"article:modified_time\" content=\"2025-06-18T10:54:46+00:00\" \/>\n<meta name=\"twitter:card\" content=\"summary_large_image\" \/>\n<meta name=\"twitter:label1\" content=\"Tiempo de lectura\" \/>\n\t<meta name=\"twitter:data1\" content=\"2 minutos\" \/>\n<script type=\"application\/ld+json\" class=\"yoast-schema-graph\">{\"@context\":\"https:\/\/schema.org\",\"@graph\":[{\"@type\":\"WebPage\",\"@id\":\"https:\/\/aranafix.com\/es\/politica-de-cookies\/\",\"url\":\"https:\/\/aranafix.com\/es\/politica-de-cookies\/\",\"name\":\"Pol\u00edtica de Cookies - Arana Aholkularitza\",\"isPartOf\":{\"@id\":\"https:\/\/aranafix.com\/es\/#website\"},\"datePublished\":\"2025-06-18T10:45:29+00:00\",\"dateModified\":\"2025-06-18T10:54:46+00:00\",\"breadcrumb\":{\"@id\":\"https:\/\/aranafix.com\/es\/politica-de-cookies\/#breadcrumb\"},\"inLanguage\":\"es\",\"potentialAction\":[{\"@type\":\"ReadAction\",\"target\":[\"https:\/\/aranafix.com\/es\/politica-de-cookies\/\"]}]},{\"@type\":\"BreadcrumbList\",\"@id\":\"https:\/\/aranafix.com\/es\/politica-de-cookies\/#breadcrumb\",\"itemListElement\":[{\"@type\":\"ListItem\",\"position\":1,\"name\":\"Portada\",\"item\":\"https:\/\/aranafix.com\/es\/\"},{\"@type\":\"ListItem\",\"position\":2,\"name\":\"Pol\u00edtica de Cookies\"}]},{\"@type\":\"WebSite\",\"@id\":\"https:\/\/aranafix.com\/es\/#website\",\"url\":\"https:\/\/aranafix.com\/es\/\",\"name\":\"Arana Aholkularitza\",\"description\":\"\",\"publisher\":{\"@id\":\"https:\/\/aranafix.com\/es\/#organization\"},\"potentialAction\":[{\"@type\":\"SearchAction\",\"target\":{\"@type\":\"EntryPoint\",\"urlTemplate\":\"https:\/\/aranafix.com\/es\/?s={search_term_string}\"},\"query-input\":{\"@type\":\"PropertyValueSpecification\",\"valueRequired\":true,\"valueName\":\"search_term_string\"}}],\"inLanguage\":\"es\"},{\"@type\":\"Organization\",\"@id\":\"https:\/\/aranafix.com\/es\/#organization\",\"name\":\"Arana Aholkularitza\",\"url\":\"https:\/\/aranafix.com\/es\/\",\"logo\":{\"@type\":\"ImageObject\",\"inLanguage\":\"es\",\"@id\":\"https:\/\/aranafix.com\/es\/#\/schema\/logo\/image\/\",\"url\":\"https:\/\/aranafix.com\/wp-content\/uploads\/2025\/04\/cropped-logo-1.png\",\"contentUrl\":\"https:\/\/aranafix.com\/wp-content\/uploads\/2025\/04\/cropped-logo-1.png\",\"width\":512,\"height\":512,\"caption\":\"Arana Aholkularitza\"},\"image\":{\"@id\":\"https:\/\/aranafix.com\/es\/#\/schema\/logo\/image\/\"}}]}<\/script>\n<!-- \/ Yoast SEO plugin. -->","yoast_head_json":{"title":"Pol\u00edtica de Cookies - Arana Aholkularitza","robots":{"index":"index","follow":"follow","max-snippet":"max-snippet:-1","max-image-preview":"max-image-preview:large","max-video-preview":"max-video-preview:-1"},"canonical":"https:\/\/aranafix.com\/es\/politica-de-cookies\/","og_locale":"es_ES","og_type":"article","og_title":"Pol\u00edtica de Cookies - Arana Aholkularitza","og_description":"Pol\u00edtica de Cookies En cumplimiento con lo dispuesto en el art\u00edculo 22.2 de la Ley 34\/2002, de Servicios de la Sociedad de la Informaci\u00f3n y del Comercio Electr\u00f3nico (LSSI), y de conformidad con el Reglamento (UE) 2016\/679 (RGPD), ARANA AHOLKULARITZA S.L. informa a los usuarios sobre el uso de cookies en su sitio web. \u00bfQu\u00e9&hellip; Continue Reading Pol\u00edtica de Cookies","og_url":"https:\/\/aranafix.com\/es\/politica-de-cookies\/","og_site_name":"Arana Aholkularitza","article_modified_time":"2025-06-18T10:54:46+00:00","twitter_card":"summary_large_image","twitter_misc":{"Tiempo de lectura":"2 minutos"},"schema":{"@context":"https:\/\/schema.org","@graph":[{"@type":"WebPage","@id":"https:\/\/aranafix.com\/es\/politica-de-cookies\/","url":"https:\/\/aranafix.com\/es\/politica-de-cookies\/","name":"Pol\u00edtica de Cookies - Arana Aholkularitza","isPartOf":{"@id":"https:\/\/aranafix.com\/es\/#website"},"datePublished":"2025-06-18T10:45:29+00:00","dateModified":"2025-06-18T10:54:46+00:00","breadcrumb":{"@id":"https:\/\/aranafix.com\/es\/politica-de-cookies\/#breadcrumb"},"inLanguage":"es","potentialAction":[{"@type":"ReadAction","target":["https:\/\/aranafix.com\/es\/politica-de-cookies\/"]}]},{"@type":"BreadcrumbList","@id":"https:\/\/aranafix.com\/es\/politica-de-cookies\/#breadcrumb","itemListElement":[{"@type":"ListItem","position":1,"name":"Portada","item":"https:\/\/aranafix.com\/es\/"},{"@type":"ListItem","position":2,"name":"Pol\u00edtica de Cookies"}]},{"@type":"WebSite","@id":"https:\/\/aranafix.com\/es\/#website","url":"https:\/\/aranafix.com\/es\/","name":"Arana Aholkularitza","description":"","publisher":{"@id":"https:\/\/aranafix.com\/es\/#organization"},"potentialAction":[{"@type":"SearchAction","target":{"@type":"EntryPoint","urlTemplate":"https:\/\/aranafix.com\/es\/?s={search_term_string}"},"query-input":{"@type":"PropertyValueSpecification","valueRequired":true,"valueName":"search_term_string"}}],"inLanguage":"es"},{"@type":"Organization","@id":"https:\/\/aranafix.com\/es\/#organization","name":"Arana Aholkularitza","url":"https:\/\/aranafix.com\/es\/","logo":{"@type":"ImageObject","inLanguage":"es","@id":"https:\/\/aranafix.com\/es\/#\/schema\/logo\/image\/","url":"https:\/\/aranafix.com\/wp-content\/uploads\/2025\/04\/cropped-logo-1.png","contentUrl":"https:\/\/aranafix.com\/wp-content\/uploads\/2025\/04\/cropped-logo-1.png","width":512,"height":512,"caption":"Arana Aholkularitza"},"image":{"@id":"https:\/\/aranafix.com\/es\/#\/schema\/logo\/image\/"}}]}},"_links":{"self":[{"href":"https:\/\/aranafix.com\/es\/wp-json\/wp\/v2\/pages\/8708","targetHints":{"allow":["GET"]}}],"collection":[{"href":"https:\/\/aranafix.com\/es\/wp-json\/wp\/v2\/pages"}],"about":[{"href":"https:\/\/aranafix.com\/es\/wp-json\/wp\/v2\/types\/page"}],"author":[{"embeddable":true,"href":"https:\/\/aranafix.com\/es\/wp-json\/wp\/v2\/users\/1"}],"replies":[{"embeddable":true,"href":"https:\/\/aranafix.com\/es\/wp-json\/wp\/v2\/comments?post=8708"}],"version-history":[{"count":1,"href":"https:\/\/aranafix.com\/es\/wp-json\/wp\/v2\/pages\/8708\/revisions"}],"predecessor-version":[{"id":8709,"href":"https:\/\/aranafix.com\/es\/wp-json\/wp\/v2\/pages\/8708\/revisions\/8709"}],"wp:attachment":[{"href":"https:\/\/aranafix.com\/es\/wp-json\/wp\/v2\/media?parent=8708"}],"curies":[{"name":"wp","href":"https:\/\/api.w.org\/{rel}","templated":true}]}}