{"id":8088,"date":"2025-05-06T15:02:47","date_gmt":"2025-05-06T15:02:47","guid":{"rendered":"https:\/\/aranafix.com\/?page_id=8088"},"modified":"2025-06-11T11:42:20","modified_gmt":"2025-06-11T11:42:20","slug":"politica-de-privacidad","status":"publish","type":"page","link":"https:\/\/aranafix.com\/es\/politica-de-privacidad\/","title":{"rendered":"Pol\u00edtica de privacidad"},"content":{"rendered":"\t\t<div data-elementor-type=\"wp-page\" data-elementor-id=\"8088\" class=\"elementor elementor-8088\" data-elementor-post-type=\"page\">\n\t\t\t\t\t\t<section class=\"elementor-section elementor-top-section elementor-element elementor-element-2baebc6 elementor-section-boxed elementor-section-height-default elementor-section-height-default\" data-id=\"2baebc6\" data-element_type=\"section\" data-settings=\"{&quot;background_background&quot;:&quot;classic&quot;}\">\n\t\t\t\t\t\t<div class=\"elementor-container elementor-column-gap-no\">\n\t\t\t\t\t<div class=\"elementor-column elementor-col-100 elementor-top-column elementor-element elementor-element-3747265\" data-id=\"3747265\" data-element_type=\"column\">\n\t\t\t<div class=\"elementor-widget-wrap elementor-element-populated\">\n\t\t\t\t\t\t<div class=\"elementor-element elementor-element-5fd7408 elementor-widget elementor-widget-heading\" data-id=\"5fd7408\" data-element_type=\"widget\" data-widget_type=\"heading.default\">\n\t\t\t\t\t\t<div class=\"elementor-widget-container\">\n\t\t\t\t\t<h1 class=\"elementor-heading-title elementor-size-default\">Pol\u00edtica de privacidad<\/h1>\t\t\t\t<\/div>\n\t\t\t\t<\/div>\n\t\t\t\t\t<\/div>\n\t\t<\/div>\n\t\t\t\t\t<\/div>\n\t\t<\/section>\n\t\t<div class=\"elementor-element elementor-element-745cd06 e-flex e-con-boxed e-con e-parent\" data-id=\"745cd06\" data-element_type=\"container\">\n\t\t\t\t\t<div class=\"e-con-inner\">\n\t\t<div class=\"elementor-element elementor-element-6b558eb e-con-full e-flex e-con e-child\" data-id=\"6b558eb\" data-element_type=\"container\">\n\t\t\t\t<div class=\"elementor-element elementor-element-be9f4d4 elementor-widget elementor-widget-text-editor\" data-id=\"be9f4d4\" data-element_type=\"widget\" data-widget_type=\"text-editor.default\">\n\t\t\t\t\t\t<div class=\"elementor-widget-container\">\n\t\t\t\t\t\t\t\t\t<p class=\"\" data-start=\"216\" data-end=\"558\">En cumplimiento del Reglamento (UE) 2016\/679 del Parlamento Europeo y del Consejo, de 27 de abril de 2016 (RGPD), as\u00ed como de la Ley Org\u00e1nica 3\/2018, de 5 de diciembre, de Protecci\u00f3n de Datos Personales y garant\u00eda de los derechos digitales, se informa a los usuarios de este sitio web sobre la pol\u00edtica de tratamiento de sus datos personales.<\/p><h4 data-start=\"560\" data-end=\"591\">Responsable del tratamiento<\/h4><ul data-start=\"593\" data-end=\"818\"><li class=\"\" data-start=\"593\" data-end=\"646\"><p class=\"\" data-start=\"595\" data-end=\"646\"><strong data-start=\"595\" data-end=\"619\">Denominaci\u00f3n social:<\/strong> ARANA AHOLKULARITZA S.L.<\/p><\/li><li class=\"\" data-start=\"647\" data-end=\"669\"><p class=\"\" data-start=\"649\" data-end=\"669\"><strong data-start=\"649\" data-end=\"657\">CIF:<\/strong> B20807525<\/p><\/li><li class=\"\" data-start=\"670\" data-end=\"775\"><p class=\"\" data-start=\"672\" data-end=\"775\"><strong data-start=\"672\" data-end=\"693\">Domicilio social:<\/strong> Calle Antonio M Labai\u00e9n, 14 \u2013 Piso 3 E, 20009 Donostia\/San Sebasti\u00e1n (Gipuzkoa)<\/p><\/li><li class=\"\" data-start=\"776\" data-end=\"818\"><p class=\"\" data-start=\"778\" data-end=\"818\"><strong data-start=\"778\" data-end=\"803\">Tel\u00e9fono de contacto:<\/strong> 943 26 52 53<\/p><\/li><\/ul><h4 data-start=\"820\" data-end=\"849\">Finalidad del tratamiento<\/h4><p class=\"\" data-start=\"851\" data-end=\"955\">Los datos personales recabados a trav\u00e9s de este sitio web ser\u00e1n tratados con las siguientes finalidades:<\/p><ul data-start=\"957\" data-end=\"1236\"><li class=\"\" data-start=\"957\" data-end=\"1042\"><p class=\"\" data-start=\"959\" data-end=\"1042\">Atender consultas o solicitudes realizadas a trav\u00e9s de los formularios de contacto.<\/p><\/li><li class=\"\" data-start=\"1043\" data-end=\"1114\"><p class=\"\" data-start=\"1045\" data-end=\"1114\">Gesti\u00f3n administrativa, contable o fiscal de los servicios prestados.<\/p><\/li><li class=\"\" data-start=\"1115\" data-end=\"1236\"><p class=\"\" data-start=\"1117\" data-end=\"1236\">Env\u00edo de informaci\u00f3n comercial relacionada con nuestros servicios, solo en caso de que se haya autorizado expresamente.<\/p><\/li><\/ul><h4 data-start=\"1238\" data-end=\"1254\">Legitimaci\u00f3n<\/h4><p class=\"\" data-start=\"1256\" data-end=\"1486\">La base legal para el tratamiento de sus datos es el consentimiento expreso otorgado por el usuario al marcar las casillas correspondientes y enviar sus datos, as\u00ed como la ejecuci\u00f3n de un contrato en caso de servicios contratados.<\/p><h4 data-start=\"1488\" data-end=\"1517\">Conservaci\u00f3n de los datos<\/h4><p class=\"\" data-start=\"1519\" data-end=\"1855\">Los datos se conservar\u00e1n durante el tiempo necesario para cumplir con la finalidad para la que fueron recabados y para determinar las posibles responsabilidades que se pudieran derivar de dicha finalidad y del tratamiento de los datos. En los casos de env\u00edo de informaci\u00f3n comercial, se mantendr\u00e1n hasta que el usuario solicite su baja.<\/p><h4 data-start=\"1857\" data-end=\"1893\">Comunicaci\u00f3n de datos a terceros<\/h4><p class=\"\" data-start=\"1895\" data-end=\"2013\">No se ceder\u00e1n datos a terceros, salvo obligaci\u00f3n legal o que sea necesario para la prestaci\u00f3n del servicio solicitado.<\/p><h4 data-start=\"2015\" data-end=\"2046\">Derechos de los interesados<\/h4><p class=\"\" data-start=\"2048\" data-end=\"2191\">Los usuarios pueden ejercer sus derechos de acceso, rectificaci\u00f3n, supresi\u00f3n, limitaci\u00f3n, portabilidad y oposici\u00f3n, dirigi\u00e9ndose por escrito a:<\/p><p class=\"\" data-start=\"2193\" data-end=\"2378\"><strong data-start=\"2193\" data-end=\"2221\">ARANA AHOLKULARITZA S.L.<\/strong><br data-start=\"2221\" data-end=\"2224\" \/>Calle Antonio M Labai\u00e9n, 14 \u2013 Piso 3 E<br data-start=\"2262\" data-end=\"2265\" \/>20009 Donostia\/San Sebasti\u00e1n (Gipuzkoa)<br data-start=\"2304\" data-end=\"2307\" \/>O bien, enviando un correo electr\u00f3nico a: [a\u00f1adir correo si se dispone]<\/p><p class=\"\" data-start=\"2380\" data-end=\"2551\">Asimismo, si considera que sus derechos no han sido correctamente atendidos, puede presentar una reclamaci\u00f3n ante la Agencia Espa\u00f1ola de Protecci\u00f3n de Datos (<a class=\"\" href=\"http:\/\/www.aepd.es\" target=\"_new\" rel=\"noopener\" data-start=\"2538\" data-end=\"2549\">www.aepd.es<\/a>).<\/p><h4 data-start=\"2553\" data-end=\"2579\">Seguridad de los datos<\/h4><p class=\"\" data-start=\"2581\" data-end=\"2801\">ARANA AHOLKULARITZA S.L. adopta las medidas t\u00e9cnicas y organizativas necesarias para garantizar la seguridad, confidencialidad e integridad de los datos personales, evitando su p\u00e9rdida, alteraci\u00f3n o acceso no autorizado.<\/p>\t\t\t\t\t\t\t\t<\/div>\n\t\t\t\t<\/div>\n\t\t\t\t<\/div>\n\t\t\t\t\t<\/div>\n\t\t\t\t<\/div>\n\t\t\t\t<\/div>\n\t\t","protected":false},"excerpt":{"rendered":"<p>Pol\u00edtica de privacidad En cumplimiento del Reglamento (UE) 2016\/679 del Parlamento Europeo y del Consejo, de 27 de abril de 2016 (RGPD), as\u00ed como de la Ley Org\u00e1nica 3\/2018, de 5 de diciembre, de Protecci\u00f3n de Datos Personales y garant\u00eda de los derechos digitales, se informa a los usuarios de este sitio web sobre la&hellip; <a class=\"continue\" href=\"https:\/\/aranafix.com\/es\/politica-de-privacidad\/\">Continue Reading<span> Pol\u00edtica de privacidad<\/span><\/a><\/p>\n","protected":false},"author":1,"featured_media":0,"parent":0,"menu_order":0,"comment_status":"closed","ping_status":"closed","template":"","meta":{"site-sidebar-layout":"no-sidebar","site-content-layout":"page-builder","ast-site-content-layout":"full-width-container","site-content-style":"default","site-sidebar-style":"default","ast-global-header-display":"","ast-banner-title-visibility":"","ast-main-header-display":"","ast-hfb-above-header-display":"","ast-hfb-below-header-display":"","ast-hfb-mobile-header-display":"","site-post-title":"disabled","ast-breadcrumbs-content":"","ast-featured-img":"disabled","footer-sml-layout":"","theme-transparent-header-meta":"","adv-header-id-meta":"","stick-header-meta":"","header-above-stick-meta":"","header-main-stick-meta":"","header-below-stick-meta":"","astra-migrate-meta-layouts":"set","ast-page-background-enabled":"default","ast-page-background-meta":{"desktop":{"background-color":"","background-image":"","background-repeat":"repeat","background-position":"center center","background-size":"auto","background-attachment":"scroll","background-type":"","background-media":"","overlay-type":"","overlay-color":"","overlay-opacity":"","overlay-gradient":""},"tablet":{"background-color":"","background-image":"","background-repeat":"repeat","background-position":"center center","background-size":"auto","background-attachment":"scroll","background-type":"","background-media":"","overlay-type":"","overlay-color":"","overlay-opacity":"","overlay-gradient":""},"mobile":{"background-color":"","background-image":"","background-repeat":"repeat","background-position":"center center","background-size":"auto","background-attachment":"scroll","background-type":"","background-media":"","overlay-type":"","overlay-color":"","overlay-opacity":"","overlay-gradient":""}},"ast-content-background-meta":{"desktop":{"background-color":"var(--ast-global-color-5)","background-image":"","background-repeat":"repeat","background-position":"center center","background-size":"auto","background-attachment":"scroll","background-type":"","background-media":"","overlay-type":"","overlay-color":"","overlay-opacity":"","overlay-gradient":""},"tablet":{"background-color":"var(--ast-global-color-5)","background-image":"","background-repeat":"repeat","background-position":"center center","background-size":"auto","background-attachment":"scroll","background-type":"","background-media":"","overlay-type":"","overlay-color":"","overlay-opacity":"","overlay-gradient":""},"mobile":{"background-color":"var(--ast-global-color-5)","background-image":"","background-repeat":"repeat","background-position":"center center","background-size":"auto","background-attachment":"scroll","background-type":"","background-media":"","overlay-type":"","overlay-color":"","overlay-opacity":"","overlay-gradient":""}},"footnotes":""},"class_list":["post-8088","page","type-page","status-publish","hentry"],"yoast_head":"<!-- This site is optimized with the Yoast SEO plugin v26.1.1 - https:\/\/yoast.com\/wordpress\/plugins\/seo\/ -->\n<title>Pol\u00edtica de privacidad - Arana Aholkularitza<\/title>\n<meta name=\"robots\" content=\"index, follow, max-snippet:-1, max-image-preview:large, max-video-preview:-1\" \/>\n<link rel=\"canonical\" href=\"https:\/\/aranafix.com\/es\/politica-de-privacidad\/\" \/>\n<meta property=\"og:locale\" content=\"es_ES\" \/>\n<meta property=\"og:type\" content=\"article\" \/>\n<meta property=\"og:title\" content=\"Pol\u00edtica de privacidad - Arana Aholkularitza\" \/>\n<meta property=\"og:description\" content=\"Pol\u00edtica de privacidad En cumplimiento del Reglamento (UE) 2016\/679 del Parlamento Europeo y del Consejo, de 27 de abril de 2016 (RGPD), as\u00ed como de la Ley Org\u00e1nica 3\/2018, de 5 de diciembre, de Protecci\u00f3n de Datos Personales y garant\u00eda de los derechos digitales, se informa a los usuarios de este sitio web sobre la&hellip; Continue Reading Pol\u00edtica de privacidad\" \/>\n<meta property=\"og:url\" content=\"https:\/\/aranafix.com\/es\/politica-de-privacidad\/\" \/>\n<meta property=\"og:site_name\" content=\"Arana Aholkularitza\" \/>\n<meta property=\"article:modified_time\" content=\"2025-06-11T11:42:20+00:00\" \/>\n<meta name=\"twitter:card\" content=\"summary_large_image\" \/>\n<meta name=\"twitter:label1\" content=\"Tiempo de lectura\" \/>\n\t<meta name=\"twitter:data1\" content=\"2 minutos\" \/>\n<script type=\"application\/ld+json\" class=\"yoast-schema-graph\">{\"@context\":\"https:\/\/schema.org\",\"@graph\":[{\"@type\":\"WebPage\",\"@id\":\"https:\/\/aranafix.com\/es\/politica-de-privacidad\/\",\"url\":\"https:\/\/aranafix.com\/es\/politica-de-privacidad\/\",\"name\":\"Pol\u00edtica de privacidad - Arana Aholkularitza\",\"isPartOf\":{\"@id\":\"https:\/\/aranafix.com\/es\/#website\"},\"datePublished\":\"2025-05-06T15:02:47+00:00\",\"dateModified\":\"2025-06-11T11:42:20+00:00\",\"breadcrumb\":{\"@id\":\"https:\/\/aranafix.com\/es\/politica-de-privacidad\/#breadcrumb\"},\"inLanguage\":\"es\",\"potentialAction\":[{\"@type\":\"ReadAction\",\"target\":[\"https:\/\/aranafix.com\/es\/politica-de-privacidad\/\"]}]},{\"@type\":\"BreadcrumbList\",\"@id\":\"https:\/\/aranafix.com\/es\/politica-de-privacidad\/#breadcrumb\",\"itemListElement\":[{\"@type\":\"ListItem\",\"position\":1,\"name\":\"Portada\",\"item\":\"https:\/\/aranafix.com\/es\/\"},{\"@type\":\"ListItem\",\"position\":2,\"name\":\"Pol\u00edtica de privacidad\"}]},{\"@type\":\"WebSite\",\"@id\":\"https:\/\/aranafix.com\/es\/#website\",\"url\":\"https:\/\/aranafix.com\/es\/\",\"name\":\"Arana Aholkularitza\",\"description\":\"\",\"publisher\":{\"@id\":\"https:\/\/aranafix.com\/es\/#organization\"},\"potentialAction\":[{\"@type\":\"SearchAction\",\"target\":{\"@type\":\"EntryPoint\",\"urlTemplate\":\"https:\/\/aranafix.com\/es\/?s={search_term_string}\"},\"query-input\":{\"@type\":\"PropertyValueSpecification\",\"valueRequired\":true,\"valueName\":\"search_term_string\"}}],\"inLanguage\":\"es\"},{\"@type\":\"Organization\",\"@id\":\"https:\/\/aranafix.com\/es\/#organization\",\"name\":\"Arana Aholkularitza\",\"url\":\"https:\/\/aranafix.com\/es\/\",\"logo\":{\"@type\":\"ImageObject\",\"inLanguage\":\"es\",\"@id\":\"https:\/\/aranafix.com\/es\/#\/schema\/logo\/image\/\",\"url\":\"https:\/\/aranafix.com\/wp-content\/uploads\/2025\/04\/cropped-logo-1.png\",\"contentUrl\":\"https:\/\/aranafix.com\/wp-content\/uploads\/2025\/04\/cropped-logo-1.png\",\"width\":512,\"height\":512,\"caption\":\"Arana Aholkularitza\"},\"image\":{\"@id\":\"https:\/\/aranafix.com\/es\/#\/schema\/logo\/image\/\"}}]}<\/script>\n<!-- \/ Yoast SEO plugin. -->","yoast_head_json":{"title":"Pol\u00edtica de privacidad - Arana Aholkularitza","robots":{"index":"index","follow":"follow","max-snippet":"max-snippet:-1","max-image-preview":"max-image-preview:large","max-video-preview":"max-video-preview:-1"},"canonical":"https:\/\/aranafix.com\/es\/politica-de-privacidad\/","og_locale":"es_ES","og_type":"article","og_title":"Pol\u00edtica de privacidad - Arana Aholkularitza","og_description":"Pol\u00edtica de privacidad En cumplimiento del Reglamento (UE) 2016\/679 del Parlamento Europeo y del Consejo, de 27 de abril de 2016 (RGPD), as\u00ed como de la Ley Org\u00e1nica 3\/2018, de 5 de diciembre, de Protecci\u00f3n de Datos Personales y garant\u00eda de los derechos digitales, se informa a los usuarios de este sitio web sobre la&hellip; Continue Reading Pol\u00edtica de privacidad","og_url":"https:\/\/aranafix.com\/es\/politica-de-privacidad\/","og_site_name":"Arana Aholkularitza","article_modified_time":"2025-06-11T11:42:20+00:00","twitter_card":"summary_large_image","twitter_misc":{"Tiempo de lectura":"2 minutos"},"schema":{"@context":"https:\/\/schema.org","@graph":[{"@type":"WebPage","@id":"https:\/\/aranafix.com\/es\/politica-de-privacidad\/","url":"https:\/\/aranafix.com\/es\/politica-de-privacidad\/","name":"Pol\u00edtica de privacidad - Arana Aholkularitza","isPartOf":{"@id":"https:\/\/aranafix.com\/es\/#website"},"datePublished":"2025-05-06T15:02:47+00:00","dateModified":"2025-06-11T11:42:20+00:00","breadcrumb":{"@id":"https:\/\/aranafix.com\/es\/politica-de-privacidad\/#breadcrumb"},"inLanguage":"es","potentialAction":[{"@type":"ReadAction","target":["https:\/\/aranafix.com\/es\/politica-de-privacidad\/"]}]},{"@type":"BreadcrumbList","@id":"https:\/\/aranafix.com\/es\/politica-de-privacidad\/#breadcrumb","itemListElement":[{"@type":"ListItem","position":1,"name":"Portada","item":"https:\/\/aranafix.com\/es\/"},{"@type":"ListItem","position":2,"name":"Pol\u00edtica de privacidad"}]},{"@type":"WebSite","@id":"https:\/\/aranafix.com\/es\/#website","url":"https:\/\/aranafix.com\/es\/","name":"Arana Aholkularitza","description":"","publisher":{"@id":"https:\/\/aranafix.com\/es\/#organization"},"potentialAction":[{"@type":"SearchAction","target":{"@type":"EntryPoint","urlTemplate":"https:\/\/aranafix.com\/es\/?s={search_term_string}"},"query-input":{"@type":"PropertyValueSpecification","valueRequired":true,"valueName":"search_term_string"}}],"inLanguage":"es"},{"@type":"Organization","@id":"https:\/\/aranafix.com\/es\/#organization","name":"Arana Aholkularitza","url":"https:\/\/aranafix.com\/es\/","logo":{"@type":"ImageObject","inLanguage":"es","@id":"https:\/\/aranafix.com\/es\/#\/schema\/logo\/image\/","url":"https:\/\/aranafix.com\/wp-content\/uploads\/2025\/04\/cropped-logo-1.png","contentUrl":"https:\/\/aranafix.com\/wp-content\/uploads\/2025\/04\/cropped-logo-1.png","width":512,"height":512,"caption":"Arana Aholkularitza"},"image":{"@id":"https:\/\/aranafix.com\/es\/#\/schema\/logo\/image\/"}}]}},"_links":{"self":[{"href":"https:\/\/aranafix.com\/es\/wp-json\/wp\/v2\/pages\/8088","targetHints":{"allow":["GET"]}}],"collection":[{"href":"https:\/\/aranafix.com\/es\/wp-json\/wp\/v2\/pages"}],"about":[{"href":"https:\/\/aranafix.com\/es\/wp-json\/wp\/v2\/types\/page"}],"author":[{"embeddable":true,"href":"https:\/\/aranafix.com\/es\/wp-json\/wp\/v2\/users\/1"}],"replies":[{"embeddable":true,"href":"https:\/\/aranafix.com\/es\/wp-json\/wp\/v2\/comments?post=8088"}],"version-history":[{"count":7,"href":"https:\/\/aranafix.com\/es\/wp-json\/wp\/v2\/pages\/8088\/revisions"}],"predecessor-version":[{"id":8618,"href":"https:\/\/aranafix.com\/es\/wp-json\/wp\/v2\/pages\/8088\/revisions\/8618"}],"wp:attachment":[{"href":"https:\/\/aranafix.com\/es\/wp-json\/wp\/v2\/media?parent=8088"}],"curies":[{"name":"wp","href":"https:\/\/api.w.org\/{rel}","templated":true}]}}