{"id":8021,"date":"2025-04-29T07:35:57","date_gmt":"2025-04-29T07:35:57","guid":{"rendered":"https:\/\/aranafix.com\/?page_id=8021"},"modified":"2025-06-11T10:45:38","modified_gmt":"2025-06-11T10:45:38","slug":"asesoria-mercantil","status":"publish","type":"page","link":"https:\/\/aranafix.com\/es\/asesoria-mercantil\/","title":{"rendered":"Asesor\u00eda mercantil"},"content":{"rendered":"\t\t<div data-elementor-type=\"wp-page\" data-elementor-id=\"8021\" class=\"elementor elementor-8021\" data-elementor-post-type=\"page\">\n\t\t\t\t\t\t<section class=\"elementor-section elementor-top-section elementor-element elementor-element-55ea70d elementor-section-boxed elementor-section-height-default elementor-section-height-default\" data-id=\"55ea70d\" data-element_type=\"section\" data-settings=\"{&quot;background_background&quot;:&quot;classic&quot;}\">\n\t\t\t\t\t\t<div class=\"elementor-container elementor-column-gap-no\">\n\t\t\t\t\t<div class=\"elementor-column elementor-col-100 elementor-top-column elementor-element elementor-element-be773b8\" data-id=\"be773b8\" data-element_type=\"column\">\n\t\t\t<div class=\"elementor-widget-wrap elementor-element-populated\">\n\t\t\t\t\t\t<div class=\"elementor-element elementor-element-ca3bd24 elementor-widget elementor-widget-heading\" data-id=\"ca3bd24\" data-element_type=\"widget\" data-widget_type=\"heading.default\">\n\t\t\t\t\t\t<div class=\"elementor-widget-container\">\n\t\t\t\t\t<h1 class=\"elementor-heading-title elementor-size-default\">Asesor\u00eda mercantil<\/h1>\t\t\t\t<\/div>\n\t\t\t\t<\/div>\n\t\t\t\t\t<\/div>\n\t\t<\/div>\n\t\t\t\t\t<\/div>\n\t\t<\/section>\n\t\t<div class=\"elementor-element elementor-element-764dc15 e-flex e-con-boxed e-con e-parent\" data-id=\"764dc15\" data-element_type=\"container\">\n\t\t\t\t\t<div class=\"e-con-inner\">\n\t\t<div class=\"elementor-element elementor-element-2a480a3 e-flex e-con-boxed e-con e-child\" data-id=\"2a480a3\" data-element_type=\"container\">\n\t\t\t\t\t<div class=\"e-con-inner\">\n\t\t\t\t<div class=\"elementor-element elementor-element-e2bb1d7 elementor-widget elementor-widget-text-editor\" data-id=\"e2bb1d7\" data-element_type=\"widget\" data-widget_type=\"text-editor.default\">\n\t\t\t\t\t\t<div class=\"elementor-widget-container\">\n\t\t\t\t\t\t\t\t\t<p data-start=\"173\" data-end=\"507\">En Arana Aholkularitza te acompa\u00f1amos en todos los tr\u00e1mites y gestiones relacionados con el \u00e1mbito mercantil de tu empresa, desde la constituci\u00f3n hasta la adaptaci\u00f3n a nuevos cambios.<br data-start=\"356\" data-end=\"359\" \/><strong data-start=\"359\" data-end=\"507\">Ofrecemos todos estos servicios tambi\u00e9n en euskera, porque entendemos la importancia de trabajar en el idioma en el que te sientes m\u00e1s c\u00f3modo\/a.<\/strong><\/p><p data-start=\"509\" data-end=\"663\">Ofrecemos un servicio completo para que puedas ocuparte del negocio, mientras nosotros nos encargamos de que todo est\u00e9 en regla, claro y bien documentado.<\/p><p data-start=\"665\" data-end=\"680\">Te ayudamos en:<\/p><ul data-start=\"682\" data-end=\"972\"><li data-start=\"682\" data-end=\"733\"><p data-start=\"684\" data-end=\"733\">Constituci\u00f3n de sociedades y alta de aut\u00f3nomos.<\/p><\/li><li data-start=\"734\" data-end=\"776\"><p data-start=\"736\" data-end=\"776\">Redacci\u00f3n y modificaci\u00f3n de estatutos.<\/p><\/li><li data-start=\"777\" data-end=\"848\"><p data-start=\"779\" data-end=\"848\">Tramitaci\u00f3n de escrituras y su presentaci\u00f3n en registros oficiales.<\/p><\/li><li data-start=\"849\" data-end=\"908\"><p data-start=\"851\" data-end=\"908\">Cambios societarios: ampliaciones, ceses, renovaciones\u2026<\/p><\/li><li data-start=\"909\" data-end=\"972\"><p data-start=\"911\" data-end=\"972\">Asesoramiento ante notarios, registros y organismos p\u00fablicos.<\/p><\/li><\/ul><p data-start=\"974\" data-end=\"1249\">Nos aseguramos de que cada paso cumpla con la normativa vigente y te explicamos todo con un lenguaje claro y cercano, para que tomes decisiones con confianza.<br data-start=\"1132\" data-end=\"1135\" \/><strong data-start=\"1135\" data-end=\"1249\">Ponemos en orden la parte legal de tu negocio, tanto en castellano como en euskera, sin l\u00edos ni letra peque\u00f1a.<\/strong><\/p>\t\t\t\t\t\t\t\t<\/div>\n\t\t\t\t<\/div>\n\t\t\t\t\t<\/div>\n\t\t\t\t<\/div>\n\t\t\t\t\t<\/div>\n\t\t\t\t<\/div>\n\t\t\t\t<\/div>\n\t\t","protected":false},"excerpt":{"rendered":"<p>Asesor\u00eda mercantil En Arana Aholkularitza te acompa\u00f1amos en todos los tr\u00e1mites y gestiones relacionados con el \u00e1mbito mercantil de tu empresa, desde la constituci\u00f3n hasta la adaptaci\u00f3n a nuevos cambios.Ofrecemos todos estos servicios tambi\u00e9n en euskera, porque entendemos la importancia de trabajar en el idioma en el que te sientes m\u00e1s c\u00f3modo\/a. Ofrecemos un servicio&hellip; <a class=\"continue\" href=\"https:\/\/aranafix.com\/es\/asesoria-mercantil\/\">Continue Reading<span> Asesor\u00eda mercantil<\/span><\/a><\/p>\n","protected":false},"author":1,"featured_media":0,"parent":0,"menu_order":0,"comment_status":"closed","ping_status":"closed","template":"","meta":{"site-sidebar-layout":"no-sidebar","site-content-layout":"page-builder","ast-site-content-layout":"full-width-container","site-content-style":"default","site-sidebar-style":"default","ast-global-header-display":"","ast-banner-title-visibility":"","ast-main-header-display":"","ast-hfb-above-header-display":"","ast-hfb-below-header-display":"","ast-hfb-mobile-header-display":"","site-post-title":"disabled","ast-breadcrumbs-content":"","ast-featured-img":"disabled","footer-sml-layout":"","theme-transparent-header-meta":"","adv-header-id-meta":"","stick-header-meta":"","header-above-stick-meta":"","header-main-stick-meta":"","header-below-stick-meta":"","astra-migrate-meta-layouts":"set","ast-page-background-enabled":"default","ast-page-background-meta":{"desktop":{"background-color":"","background-image":"","background-repeat":"repeat","background-position":"center center","background-size":"auto","background-attachment":"scroll","background-type":"","background-media":"","overlay-type":"","overlay-color":"","overlay-opacity":"","overlay-gradient":""},"tablet":{"background-color":"","background-image":"","background-repeat":"repeat","background-position":"center center","background-size":"auto","background-attachment":"scroll","background-type":"","background-media":"","overlay-type":"","overlay-color":"","overlay-opacity":"","overlay-gradient":""},"mobile":{"background-color":"","background-image":"","background-repeat":"repeat","background-position":"center center","background-size":"auto","background-attachment":"scroll","background-type":"","background-media":"","overlay-type":"","overlay-color":"","overlay-opacity":"","overlay-gradient":""}},"ast-content-background-meta":{"desktop":{"background-color":"var(--ast-global-color-5)","background-image":"","background-repeat":"repeat","background-position":"center center","background-size":"auto","background-attachment":"scroll","background-type":"","background-media":"","overlay-type":"","overlay-color":"","overlay-opacity":"","overlay-gradient":""},"tablet":{"background-color":"var(--ast-global-color-5)","background-image":"","background-repeat":"repeat","background-position":"center center","background-size":"auto","background-attachment":"scroll","background-type":"","background-media":"","overlay-type":"","overlay-color":"","overlay-opacity":"","overlay-gradient":""},"mobile":{"background-color":"var(--ast-global-color-5)","background-image":"","background-repeat":"repeat","background-position":"center center","background-size":"auto","background-attachment":"scroll","background-type":"","background-media":"","overlay-type":"","overlay-color":"","overlay-opacity":"","overlay-gradient":""}},"footnotes":""},"class_list":["post-8021","page","type-page","status-publish","hentry"],"yoast_head":"<!-- This site is optimized with the Yoast SEO plugin v26.1.1 - https:\/\/yoast.com\/wordpress\/plugins\/seo\/ -->\n<title>Asesor\u00eda mercantil - Arana Aholkularitza<\/title>\n<meta name=\"robots\" content=\"index, follow, max-snippet:-1, max-image-preview:large, max-video-preview:-1\" \/>\n<link rel=\"canonical\" href=\"https:\/\/aranafix.com\/es\/asesoria-mercantil\/\" \/>\n<meta property=\"og:locale\" content=\"es_ES\" \/>\n<meta property=\"og:type\" content=\"article\" \/>\n<meta property=\"og:title\" content=\"Asesor\u00eda mercantil - Arana Aholkularitza\" \/>\n<meta property=\"og:description\" content=\"Asesor\u00eda mercantil En Arana Aholkularitza te acompa\u00f1amos en todos los tr\u00e1mites y gestiones relacionados con el \u00e1mbito mercantil de tu empresa, desde la constituci\u00f3n hasta la adaptaci\u00f3n a nuevos cambios.Ofrecemos todos estos servicios tambi\u00e9n en euskera, porque entendemos la importancia de trabajar en el idioma en el que te sientes m\u00e1s c\u00f3modo\/a. Ofrecemos un servicio&hellip; Continue Reading Asesor\u00eda mercantil\" \/>\n<meta property=\"og:url\" content=\"https:\/\/aranafix.com\/es\/asesoria-mercantil\/\" \/>\n<meta property=\"og:site_name\" content=\"Arana Aholkularitza\" \/>\n<meta property=\"article:modified_time\" content=\"2025-06-11T10:45:38+00:00\" \/>\n<meta name=\"twitter:card\" content=\"summary_large_image\" \/>\n<meta name=\"twitter:label1\" content=\"Tiempo de lectura\" \/>\n\t<meta name=\"twitter:data1\" content=\"1 minuto\" \/>\n<script type=\"application\/ld+json\" class=\"yoast-schema-graph\">{\"@context\":\"https:\/\/schema.org\",\"@graph\":[{\"@type\":\"WebPage\",\"@id\":\"https:\/\/aranafix.com\/es\/asesoria-mercantil\/\",\"url\":\"https:\/\/aranafix.com\/es\/asesoria-mercantil\/\",\"name\":\"Asesor\u00eda mercantil - Arana Aholkularitza\",\"isPartOf\":{\"@id\":\"https:\/\/aranafix.com\/es\/#website\"},\"datePublished\":\"2025-04-29T07:35:57+00:00\",\"dateModified\":\"2025-06-11T10:45:38+00:00\",\"breadcrumb\":{\"@id\":\"https:\/\/aranafix.com\/es\/asesoria-mercantil\/#breadcrumb\"},\"inLanguage\":\"es\",\"potentialAction\":[{\"@type\":\"ReadAction\",\"target\":[\"https:\/\/aranafix.com\/es\/asesoria-mercantil\/\"]}]},{\"@type\":\"BreadcrumbList\",\"@id\":\"https:\/\/aranafix.com\/es\/asesoria-mercantil\/#breadcrumb\",\"itemListElement\":[{\"@type\":\"ListItem\",\"position\":1,\"name\":\"Portada\",\"item\":\"https:\/\/aranafix.com\/es\/\"},{\"@type\":\"ListItem\",\"position\":2,\"name\":\"Asesor\u00eda mercantil\"}]},{\"@type\":\"WebSite\",\"@id\":\"https:\/\/aranafix.com\/es\/#website\",\"url\":\"https:\/\/aranafix.com\/es\/\",\"name\":\"Arana Aholkularitza\",\"description\":\"\",\"publisher\":{\"@id\":\"https:\/\/aranafix.com\/es\/#organization\"},\"potentialAction\":[{\"@type\":\"SearchAction\",\"target\":{\"@type\":\"EntryPoint\",\"urlTemplate\":\"https:\/\/aranafix.com\/es\/?s={search_term_string}\"},\"query-input\":{\"@type\":\"PropertyValueSpecification\",\"valueRequired\":true,\"valueName\":\"search_term_string\"}}],\"inLanguage\":\"es\"},{\"@type\":\"Organization\",\"@id\":\"https:\/\/aranafix.com\/es\/#organization\",\"name\":\"Arana Aholkularitza\",\"url\":\"https:\/\/aranafix.com\/es\/\",\"logo\":{\"@type\":\"ImageObject\",\"inLanguage\":\"es\",\"@id\":\"https:\/\/aranafix.com\/es\/#\/schema\/logo\/image\/\",\"url\":\"https:\/\/aranafix.com\/wp-content\/uploads\/2025\/04\/cropped-logo-1.png\",\"contentUrl\":\"https:\/\/aranafix.com\/wp-content\/uploads\/2025\/04\/cropped-logo-1.png\",\"width\":512,\"height\":512,\"caption\":\"Arana Aholkularitza\"},\"image\":{\"@id\":\"https:\/\/aranafix.com\/es\/#\/schema\/logo\/image\/\"}}]}<\/script>\n<!-- \/ Yoast SEO plugin. -->","yoast_head_json":{"title":"Asesor\u00eda mercantil - Arana Aholkularitza","robots":{"index":"index","follow":"follow","max-snippet":"max-snippet:-1","max-image-preview":"max-image-preview:large","max-video-preview":"max-video-preview:-1"},"canonical":"https:\/\/aranafix.com\/es\/asesoria-mercantil\/","og_locale":"es_ES","og_type":"article","og_title":"Asesor\u00eda mercantil - Arana Aholkularitza","og_description":"Asesor\u00eda mercantil En Arana Aholkularitza te acompa\u00f1amos en todos los tr\u00e1mites y gestiones relacionados con el \u00e1mbito mercantil de tu empresa, desde la constituci\u00f3n hasta la adaptaci\u00f3n a nuevos cambios.Ofrecemos todos estos servicios tambi\u00e9n en euskera, porque entendemos la importancia de trabajar en el idioma en el que te sientes m\u00e1s c\u00f3modo\/a. Ofrecemos un servicio&hellip; Continue Reading Asesor\u00eda mercantil","og_url":"https:\/\/aranafix.com\/es\/asesoria-mercantil\/","og_site_name":"Arana Aholkularitza","article_modified_time":"2025-06-11T10:45:38+00:00","twitter_card":"summary_large_image","twitter_misc":{"Tiempo de lectura":"1 minuto"},"schema":{"@context":"https:\/\/schema.org","@graph":[{"@type":"WebPage","@id":"https:\/\/aranafix.com\/es\/asesoria-mercantil\/","url":"https:\/\/aranafix.com\/es\/asesoria-mercantil\/","name":"Asesor\u00eda mercantil - Arana Aholkularitza","isPartOf":{"@id":"https:\/\/aranafix.com\/es\/#website"},"datePublished":"2025-04-29T07:35:57+00:00","dateModified":"2025-06-11T10:45:38+00:00","breadcrumb":{"@id":"https:\/\/aranafix.com\/es\/asesoria-mercantil\/#breadcrumb"},"inLanguage":"es","potentialAction":[{"@type":"ReadAction","target":["https:\/\/aranafix.com\/es\/asesoria-mercantil\/"]}]},{"@type":"BreadcrumbList","@id":"https:\/\/aranafix.com\/es\/asesoria-mercantil\/#breadcrumb","itemListElement":[{"@type":"ListItem","position":1,"name":"Portada","item":"https:\/\/aranafix.com\/es\/"},{"@type":"ListItem","position":2,"name":"Asesor\u00eda mercantil"}]},{"@type":"WebSite","@id":"https:\/\/aranafix.com\/es\/#website","url":"https:\/\/aranafix.com\/es\/","name":"Arana Aholkularitza","description":"","publisher":{"@id":"https:\/\/aranafix.com\/es\/#organization"},"potentialAction":[{"@type":"SearchAction","target":{"@type":"EntryPoint","urlTemplate":"https:\/\/aranafix.com\/es\/?s={search_term_string}"},"query-input":{"@type":"PropertyValueSpecification","valueRequired":true,"valueName":"search_term_string"}}],"inLanguage":"es"},{"@type":"Organization","@id":"https:\/\/aranafix.com\/es\/#organization","name":"Arana Aholkularitza","url":"https:\/\/aranafix.com\/es\/","logo":{"@type":"ImageObject","inLanguage":"es","@id":"https:\/\/aranafix.com\/es\/#\/schema\/logo\/image\/","url":"https:\/\/aranafix.com\/wp-content\/uploads\/2025\/04\/cropped-logo-1.png","contentUrl":"https:\/\/aranafix.com\/wp-content\/uploads\/2025\/04\/cropped-logo-1.png","width":512,"height":512,"caption":"Arana Aholkularitza"},"image":{"@id":"https:\/\/aranafix.com\/es\/#\/schema\/logo\/image\/"}}]}},"_links":{"self":[{"href":"https:\/\/aranafix.com\/es\/wp-json\/wp\/v2\/pages\/8021","targetHints":{"allow":["GET"]}}],"collection":[{"href":"https:\/\/aranafix.com\/es\/wp-json\/wp\/v2\/pages"}],"about":[{"href":"https:\/\/aranafix.com\/es\/wp-json\/wp\/v2\/types\/page"}],"author":[{"embeddable":true,"href":"https:\/\/aranafix.com\/es\/wp-json\/wp\/v2\/users\/1"}],"replies":[{"embeddable":true,"href":"https:\/\/aranafix.com\/es\/wp-json\/wp\/v2\/comments?post=8021"}],"version-history":[{"count":13,"href":"https:\/\/aranafix.com\/es\/wp-json\/wp\/v2\/pages\/8021\/revisions"}],"predecessor-version":[{"id":8609,"href":"https:\/\/aranafix.com\/es\/wp-json\/wp\/v2\/pages\/8021\/revisions\/8609"}],"wp:attachment":[{"href":"https:\/\/aranafix.com\/es\/wp-json\/wp\/v2\/media?parent=8021"}],"curies":[{"name":"wp","href":"https:\/\/api.w.org\/{rel}","templated":true}]}}