{"id":8014,"date":"2025-04-29T07:33:56","date_gmt":"2025-04-29T07:33:56","guid":{"rendered":"https:\/\/aranafix.com\/?page_id=8014"},"modified":"2025-06-11T10:44:37","modified_gmt":"2025-06-11T10:44:37","slug":"asesoria-laboral-donostia-arana-aholkularitza","status":"publish","type":"page","link":"https:\/\/aranafix.com\/es\/asesoria-laboral-donostia-arana-aholkularitza\/","title":{"rendered":"Asesor\u00eda laboral"},"content":{"rendered":"\t\t<div data-elementor-type=\"wp-page\" data-elementor-id=\"8014\" class=\"elementor elementor-8014\" data-elementor-post-type=\"page\">\n\t\t\t\t\t\t<section class=\"elementor-section elementor-top-section elementor-element elementor-element-7d3ad5e elementor-section-boxed elementor-section-height-default elementor-section-height-default\" data-id=\"7d3ad5e\" data-element_type=\"section\" data-settings=\"{&quot;background_background&quot;:&quot;classic&quot;}\">\n\t\t\t\t\t\t<div class=\"elementor-container elementor-column-gap-no\">\n\t\t\t\t\t<div class=\"elementor-column elementor-col-100 elementor-top-column elementor-element elementor-element-94e3fe7\" data-id=\"94e3fe7\" data-element_type=\"column\">\n\t\t\t<div class=\"elementor-widget-wrap elementor-element-populated\">\n\t\t\t\t\t\t<div class=\"elementor-element elementor-element-0bb6c5c elementor-widget elementor-widget-heading\" data-id=\"0bb6c5c\" data-element_type=\"widget\" data-widget_type=\"heading.default\">\n\t\t\t\t\t\t<div class=\"elementor-widget-container\">\n\t\t\t\t\t<h1 class=\"elementor-heading-title elementor-size-default\">Asesor\u00eda laboral Donostia<\/h1>\t\t\t\t<\/div>\n\t\t\t\t<\/div>\n\t\t\t\t\t<\/div>\n\t\t<\/div>\n\t\t\t\t\t<\/div>\n\t\t<\/section>\n\t\t<div class=\"elementor-element elementor-element-c6bddc9 e-flex e-con-boxed e-con e-parent\" data-id=\"c6bddc9\" data-element_type=\"container\">\n\t\t\t\t\t<div class=\"e-con-inner\">\n\t\t<div class=\"elementor-element elementor-element-6389fe2 e-flex e-con-boxed e-con e-child\" data-id=\"6389fe2\" data-element_type=\"container\">\n\t\t\t\t\t<div class=\"e-con-inner\">\n\t\t\t\t<div class=\"elementor-element elementor-element-1a5e1d7 elementor-widget elementor-widget-text-editor\" data-id=\"1a5e1d7\" data-element_type=\"widget\" data-widget_type=\"text-editor.default\">\n\t\t\t\t\t\t<div class=\"elementor-widget-container\">\n\t\t\t\t\t\t\t\t\t<p data-start=\"188\" data-end=\"520\">En Arana Aholkularitza ofrecemos un servicio de <strong data-start=\"236\" data-end=\"265\">asesor\u00eda laboral Donostia<\/strong> cercano, \u00e1gil y totalmente adaptado a las necesidades de cada cliente. Nos ocupamos de gestionar todos los aspectos laborales de tu negocio, desde la contrataci\u00f3n hasta la finalizaci\u00f3n de relaciones laborales, cumpliendo siempre con la normativa vigente.<\/p><p data-start=\"522\" data-end=\"964\"><strong data-start=\"522\" data-end=\"678\">Adem\u00e1s, ofrecemos todo el asesoramiento tambi\u00e9n en euskera, para que puedas gestionar tu negocio en el idioma en el que te expresas con mayor comodidad.<\/strong><br data-start=\"678\" data-end=\"681\" \/>Acompa\u00f1amos tanto a empresas como a aut\u00f3nomos en la correcta gesti\u00f3n de sus recursos humanos, facilitando tr\u00e1mites con la Seguridad Social, contratos, n\u00f3minas, despidos y m\u00e1s. Contar con un buen <strong data-start=\"876\" data-end=\"901\">asesoramiento laboral<\/strong> es clave para evitar errores costosos y ganar en tranquilidad.<\/p>\t\t\t\t\t\t\t\t<\/div>\n\t\t\t\t<\/div>\n\t\t\t\t\t<\/div>\n\t\t\t\t<\/div>\n\t\t\t\t\t<\/div>\n\t\t\t\t<\/div>\n\t\t<div class=\"elementor-element elementor-element-7264bb6 e-flex e-con-boxed e-con e-parent\" data-id=\"7264bb6\" data-element_type=\"container\">\n\t\t\t\t\t<div class=\"e-con-inner\">\n\t\t<div class=\"elementor-element elementor-element-3ae63b3 e-con-full e-flex e-con e-child\" data-id=\"3ae63b3\" data-element_type=\"container\" data-settings=\"{&quot;background_background&quot;:&quot;classic&quot;}\">\n\t\t\t\t<div class=\"elementor-element elementor-element-a198f1d elementor-widget elementor-widget-image\" data-id=\"a198f1d\" data-element_type=\"widget\" data-widget_type=\"image.default\">\n\t\t\t\t\t\t<div class=\"elementor-widget-container\">\n\t\t\t\t\t\t\t\t\t\t\t\t\t\t\t<img fetchpriority=\"high\" decoding=\"async\" width=\"1440\" height=\"1444\" src=\"https:\/\/aranafix.com\/wp-content\/uploads\/2025\/04\/asesoramientofinanciero.jpg\" class=\"attachment-full size-full wp-image-8039\" alt=\"\" srcset=\"https:\/\/aranafix.com\/wp-content\/uploads\/2025\/04\/asesoramientofinanciero.jpg 1440w, https:\/\/aranafix.com\/wp-content\/uploads\/2025\/04\/asesoramientofinanciero-300x300.jpg 300w, https:\/\/aranafix.com\/wp-content\/uploads\/2025\/04\/asesoramientofinanciero-1021x1024.jpg 1021w, https:\/\/aranafix.com\/wp-content\/uploads\/2025\/04\/asesoramientofinanciero-150x150.jpg 150w, https:\/\/aranafix.com\/wp-content\/uploads\/2025\/04\/asesoramientofinanciero-768x770.jpg 768w\" sizes=\"(max-width: 1440px) 100vw, 1440px\" \/>\t\t\t\t\t\t\t\t\t\t\t\t\t\t\t<\/div>\n\t\t\t\t<\/div>\n\t\t\t\t<\/div>\n\t\t<div class=\"elementor-element elementor-element-21979d7 e-con-full e-flex e-con e-child\" data-id=\"21979d7\" data-element_type=\"container\">\n\t\t\t\t<div class=\"elementor-element elementor-element-e3fa3ac elementor-widget elementor-widget-heading\" data-id=\"e3fa3ac\" data-element_type=\"widget\" data-widget_type=\"heading.default\">\n\t\t\t\t\t\t<div class=\"elementor-widget-container\">\n\t\t\t\t\t<h3 class=\"elementor-heading-title elementor-size-default\">Asesor\u00eda laboral Donostia: gesti\u00f3n integral de relaciones laborales<\/h3>\t\t\t\t<\/div>\n\t\t\t\t<\/div>\n\t\t\t\t<div class=\"elementor-element elementor-element-80bb628 elementor-widget elementor-widget-text-editor\" data-id=\"80bb628\" data-element_type=\"widget\" data-widget_type=\"text-editor.default\">\n\t\t\t\t\t\t<div class=\"elementor-widget-container\">\n\t\t\t\t\t\t\t\t\t<p class=\"\" data-start=\"917\" data-end=\"1163\">Ofrecemos un acompa\u00f1amiento completo en todas las fases de la relaci\u00f3n laboral: redacci\u00f3n de contratos, registro en la Seguridad Social, elaboraci\u00f3n de n\u00f3minas y finiquitos, aplicaci\u00f3n de convenios colectivos y resoluci\u00f3n de conflictos laborales.<\/p><p class=\"\" data-start=\"1165\" data-end=\"1375\">Adem\u00e1s, brindamos apoyo en procesos de despido, ERTES, inspecciones de trabajo o reclamaciones, para que tomes decisiones informadas y seguras con el respaldo de una <strong data-start=\"1331\" data-end=\"1360\">asesor\u00eda laboral Donostia<\/strong> especializada.<\/p>\t\t\t\t\t\t\t\t<\/div>\n\t\t\t\t<\/div>\n\t\t\t\t<\/div>\n\t\t\t\t\t<\/div>\n\t\t\t\t<\/div>\n\t\t<div class=\"elementor-element elementor-element-f5ce115 e-flex e-con-boxed e-con e-parent\" data-id=\"f5ce115\" data-element_type=\"container\">\n\t\t\t\t\t<div class=\"e-con-inner\">\n\t\t<div class=\"elementor-element elementor-element-ef17558 e-con-full e-flex e-con e-child\" data-id=\"ef17558\" data-element_type=\"container\">\n\t\t\t\t<div class=\"elementor-element elementor-element-5bbe8c8 elementor-widget elementor-widget-heading\" data-id=\"5bbe8c8\" data-element_type=\"widget\" data-widget_type=\"heading.default\">\n\t\t\t\t\t\t<div class=\"elementor-widget-container\">\n\t\t\t\t\t<h3 class=\"elementor-heading-title elementor-size-default\">Asesoramiento laboral personalizado y actualizado<\/h3>\t\t\t\t<\/div>\n\t\t\t\t<\/div>\n\t\t\t\t<div class=\"elementor-element elementor-element-48e753f elementor-widget elementor-widget-text-editor\" data-id=\"48e753f\" data-element_type=\"widget\" data-widget_type=\"text-editor.default\">\n\t\t\t\t\t\t<div class=\"elementor-widget-container\">\n\t\t\t\t\t\t\t\t\t<p class=\"\" data-start=\"1444\" data-end=\"1791\">Cada cliente es diferente. Por eso, en Arana Aholkularitza ofrecemos un <strong data-start=\"1516\" data-end=\"1541\">asesoramiento laboral<\/strong> totalmente personalizado que se adapta a la realidad de tu empresa y sector. Te mantenemos informado de los cambios legislativos que pueden afectar a tu plantilla y dise\u00f1amos estrategias laborales eficaces para garantizar estabilidad y cumplimiento.<\/p><p class=\"\" data-start=\"1793\" data-end=\"1970\">Nuestra misi\u00f3n es que te centres en tu negocio, mientras nosotros nos ocupamos de tu tranquilidad laboral, con el respaldo de un equipo experto en <strong data-start=\"1940\" data-end=\"1969\">asesor\u00eda laboral Donostia<\/strong>.<\/p>\t\t\t\t\t\t\t\t<\/div>\n\t\t\t\t<\/div>\n\t\t\t\t<\/div>\n\t\t<div class=\"elementor-element elementor-element-07fa982 e-con-full e-flex e-con e-child\" data-id=\"07fa982\" data-element_type=\"container\" data-settings=\"{&quot;background_background&quot;:&quot;classic&quot;}\">\n\t\t\t\t<div class=\"elementor-element elementor-element-1277f6b elementor-widget elementor-widget-image\" data-id=\"1277f6b\" data-element_type=\"widget\" data-widget_type=\"image.default\">\n\t\t\t\t\t\t<div class=\"elementor-widget-container\">\n\t\t\t\t\t\t\t\t\t\t\t\t\t\t\t<img decoding=\"async\" width=\"1440\" height=\"1444\" src=\"https:\/\/aranafix.com\/wp-content\/uploads\/2025\/04\/asesorialaboral.jpg\" class=\"attachment-full size-full wp-image-8041\" alt=\"\" srcset=\"https:\/\/aranafix.com\/wp-content\/uploads\/2025\/04\/asesorialaboral.jpg 1440w, https:\/\/aranafix.com\/wp-content\/uploads\/2025\/04\/asesorialaboral-300x300.jpg 300w, https:\/\/aranafix.com\/wp-content\/uploads\/2025\/04\/asesorialaboral-1021x1024.jpg 1021w, https:\/\/aranafix.com\/wp-content\/uploads\/2025\/04\/asesorialaboral-150x150.jpg 150w, https:\/\/aranafix.com\/wp-content\/uploads\/2025\/04\/asesorialaboral-768x770.jpg 768w\" sizes=\"(max-width: 1440px) 100vw, 1440px\" \/>\t\t\t\t\t\t\t\t\t\t\t\t\t\t\t<\/div>\n\t\t\t\t<\/div>\n\t\t\t\t<\/div>\n\t\t\t\t\t<\/div>\n\t\t\t\t<\/div>\n\t\t\t\t<\/div>\n\t\t","protected":false},"excerpt":{"rendered":"<p>Asesor\u00eda laboral Donostia En Arana Aholkularitza ofrecemos un servicio de asesor\u00eda laboral Donostia cercano, \u00e1gil y totalmente adaptado a las necesidades de cada cliente. Nos ocupamos de gestionar todos los aspectos laborales de tu negocio, desde la contrataci\u00f3n hasta la finalizaci\u00f3n de relaciones laborales, cumpliendo siempre con la normativa vigente. Adem\u00e1s, ofrecemos todo el asesoramiento&hellip; <a class=\"continue\" href=\"https:\/\/aranafix.com\/es\/asesoria-laboral-donostia-arana-aholkularitza\/\">Continue Reading<span> Asesor\u00eda laboral<\/span><\/a><\/p>\n","protected":false},"author":1,"featured_media":0,"parent":0,"menu_order":0,"comment_status":"closed","ping_status":"closed","template":"","meta":{"site-sidebar-layout":"no-sidebar","site-content-layout":"page-builder","ast-site-content-layout":"full-width-container","site-content-style":"default","site-sidebar-style":"default","ast-global-header-display":"","ast-banner-title-visibility":"","ast-main-header-display":"","ast-hfb-above-header-display":"","ast-hfb-below-header-display":"","ast-hfb-mobile-header-display":"","site-post-title":"disabled","ast-breadcrumbs-content":"","ast-featured-img":"disabled","footer-sml-layout":"","theme-transparent-header-meta":"","adv-header-id-meta":"","stick-header-meta":"","header-above-stick-meta":"","header-main-stick-meta":"","header-below-stick-meta":"","astra-migrate-meta-layouts":"set","ast-page-background-enabled":"default","ast-page-background-meta":{"desktop":{"background-color":"","background-image":"","background-repeat":"repeat","background-position":"center center","background-size":"auto","background-attachment":"scroll","background-type":"","background-media":"","overlay-type":"","overlay-color":"","overlay-opacity":"","overlay-gradient":""},"tablet":{"background-color":"","background-image":"","background-repeat":"repeat","background-position":"center center","background-size":"auto","background-attachment":"scroll","background-type":"","background-media":"","overlay-type":"","overlay-color":"","overlay-opacity":"","overlay-gradient":""},"mobile":{"background-color":"","background-image":"","background-repeat":"repeat","background-position":"center center","background-size":"auto","background-attachment":"scroll","background-type":"","background-media":"","overlay-type":"","overlay-color":"","overlay-opacity":"","overlay-gradient":""}},"ast-content-background-meta":{"desktop":{"background-color":"var(--ast-global-color-5)","background-image":"","background-repeat":"repeat","background-position":"center center","background-size":"auto","background-attachment":"scroll","background-type":"","background-media":"","overlay-type":"","overlay-color":"","overlay-opacity":"","overlay-gradient":""},"tablet":{"background-color":"var(--ast-global-color-5)","background-image":"","background-repeat":"repeat","background-position":"center center","background-size":"auto","background-attachment":"scroll","background-type":"","background-media":"","overlay-type":"","overlay-color":"","overlay-opacity":"","overlay-gradient":""},"mobile":{"background-color":"var(--ast-global-color-5)","background-image":"","background-repeat":"repeat","background-position":"center center","background-size":"auto","background-attachment":"scroll","background-type":"","background-media":"","overlay-type":"","overlay-color":"","overlay-opacity":"","overlay-gradient":""}},"footnotes":""},"class_list":["post-8014","page","type-page","status-publish","hentry"],"yoast_head":"<!-- This site is optimized with the Yoast SEO plugin v26.1.1 - https:\/\/yoast.com\/wordpress\/plugins\/seo\/ -->\n<title>Asesor\u00eda laboral - Arana Aholkularitza<\/title>\n<meta name=\"description\" content=\"Asesor\u00eda laboral en Donostia especializada en gesti\u00f3n de n\u00f3minas, contratos, seguridad social y prevenci\u00f3n de riesgos.\" \/>\n<meta name=\"robots\" content=\"index, follow, max-snippet:-1, max-image-preview:large, max-video-preview:-1\" \/>\n<link rel=\"canonical\" href=\"https:\/\/aranafix.com\/es\/asesoria-laboral-donostia-arana-aholkularitza\/\" \/>\n<meta property=\"og:locale\" content=\"es_ES\" \/>\n<meta property=\"og:type\" content=\"article\" \/>\n<meta property=\"og:title\" content=\"Asesor\u00eda laboral - Arana Aholkularitza\" \/>\n<meta property=\"og:description\" content=\"Asesor\u00eda laboral en Donostia especializada en gesti\u00f3n de n\u00f3minas, contratos, seguridad social y prevenci\u00f3n de riesgos.\" \/>\n<meta property=\"og:url\" content=\"https:\/\/aranafix.com\/es\/asesoria-laboral-donostia-arana-aholkularitza\/\" \/>\n<meta property=\"og:site_name\" content=\"Arana Aholkularitza\" \/>\n<meta property=\"article:modified_time\" content=\"2025-06-11T10:44:37+00:00\" \/>\n<meta property=\"og:image\" content=\"https:\/\/aranafix.com\/wp-content\/uploads\/2025\/04\/asesoramientofinanciero.jpg\" \/>\n<meta name=\"twitter:card\" content=\"summary_large_image\" \/>\n<meta name=\"twitter:label1\" content=\"Tiempo de lectura\" \/>\n\t<meta name=\"twitter:data1\" content=\"2 minutos\" \/>\n<script type=\"application\/ld+json\" class=\"yoast-schema-graph\">{\"@context\":\"https:\/\/schema.org\",\"@graph\":[{\"@type\":\"WebPage\",\"@id\":\"https:\/\/aranafix.com\/es\/asesoria-laboral-donostia-arana-aholkularitza\/\",\"url\":\"https:\/\/aranafix.com\/es\/asesoria-laboral-donostia-arana-aholkularitza\/\",\"name\":\"Asesor\u00eda laboral - Arana Aholkularitza\",\"isPartOf\":{\"@id\":\"https:\/\/aranafix.com\/es\/#website\"},\"primaryImageOfPage\":{\"@id\":\"https:\/\/aranafix.com\/es\/asesoria-laboral-donostia-arana-aholkularitza\/#primaryimage\"},\"image\":{\"@id\":\"https:\/\/aranafix.com\/es\/asesoria-laboral-donostia-arana-aholkularitza\/#primaryimage\"},\"thumbnailUrl\":\"https:\/\/aranafix.com\/wp-content\/uploads\/2025\/04\/asesoramientofinanciero.jpg\",\"datePublished\":\"2025-04-29T07:33:56+00:00\",\"dateModified\":\"2025-06-11T10:44:37+00:00\",\"description\":\"Asesor\u00eda laboral en Donostia especializada en gesti\u00f3n de n\u00f3minas, contratos, seguridad social y prevenci\u00f3n de riesgos.\",\"breadcrumb\":{\"@id\":\"https:\/\/aranafix.com\/es\/asesoria-laboral-donostia-arana-aholkularitza\/#breadcrumb\"},\"inLanguage\":\"es\",\"potentialAction\":[{\"@type\":\"ReadAction\",\"target\":[\"https:\/\/aranafix.com\/es\/asesoria-laboral-donostia-arana-aholkularitza\/\"]}]},{\"@type\":\"ImageObject\",\"inLanguage\":\"es\",\"@id\":\"https:\/\/aranafix.com\/es\/asesoria-laboral-donostia-arana-aholkularitza\/#primaryimage\",\"url\":\"https:\/\/aranafix.com\/wp-content\/uploads\/2025\/04\/asesoramientofinanciero.jpg\",\"contentUrl\":\"https:\/\/aranafix.com\/wp-content\/uploads\/2025\/04\/asesoramientofinanciero.jpg\"},{\"@type\":\"BreadcrumbList\",\"@id\":\"https:\/\/aranafix.com\/es\/asesoria-laboral-donostia-arana-aholkularitza\/#breadcrumb\",\"itemListElement\":[{\"@type\":\"ListItem\",\"position\":1,\"name\":\"Portada\",\"item\":\"https:\/\/aranafix.com\/es\/\"},{\"@type\":\"ListItem\",\"position\":2,\"name\":\"Asesor\u00eda laboral\"}]},{\"@type\":\"WebSite\",\"@id\":\"https:\/\/aranafix.com\/es\/#website\",\"url\":\"https:\/\/aranafix.com\/es\/\",\"name\":\"Arana Aholkularitza\",\"description\":\"\",\"publisher\":{\"@id\":\"https:\/\/aranafix.com\/es\/#organization\"},\"potentialAction\":[{\"@type\":\"SearchAction\",\"target\":{\"@type\":\"EntryPoint\",\"urlTemplate\":\"https:\/\/aranafix.com\/es\/?s={search_term_string}\"},\"query-input\":{\"@type\":\"PropertyValueSpecification\",\"valueRequired\":true,\"valueName\":\"search_term_string\"}}],\"inLanguage\":\"es\"},{\"@type\":\"Organization\",\"@id\":\"https:\/\/aranafix.com\/es\/#organization\",\"name\":\"Arana Aholkularitza\",\"url\":\"https:\/\/aranafix.com\/es\/\",\"logo\":{\"@type\":\"ImageObject\",\"inLanguage\":\"es\",\"@id\":\"https:\/\/aranafix.com\/es\/#\/schema\/logo\/image\/\",\"url\":\"https:\/\/aranafix.com\/wp-content\/uploads\/2025\/04\/cropped-logo-1.png\",\"contentUrl\":\"https:\/\/aranafix.com\/wp-content\/uploads\/2025\/04\/cropped-logo-1.png\",\"width\":512,\"height\":512,\"caption\":\"Arana Aholkularitza\"},\"image\":{\"@id\":\"https:\/\/aranafix.com\/es\/#\/schema\/logo\/image\/\"}}]}<\/script>\n<!-- \/ Yoast SEO plugin. -->","yoast_head_json":{"title":"Asesor\u00eda laboral - Arana Aholkularitza","description":"Asesor\u00eda laboral en Donostia especializada en gesti\u00f3n de n\u00f3minas, contratos, seguridad social y prevenci\u00f3n de riesgos.","robots":{"index":"index","follow":"follow","max-snippet":"max-snippet:-1","max-image-preview":"max-image-preview:large","max-video-preview":"max-video-preview:-1"},"canonical":"https:\/\/aranafix.com\/es\/asesoria-laboral-donostia-arana-aholkularitza\/","og_locale":"es_ES","og_type":"article","og_title":"Asesor\u00eda laboral - Arana Aholkularitza","og_description":"Asesor\u00eda laboral en Donostia especializada en gesti\u00f3n de n\u00f3minas, contratos, seguridad social y prevenci\u00f3n de riesgos.","og_url":"https:\/\/aranafix.com\/es\/asesoria-laboral-donostia-arana-aholkularitza\/","og_site_name":"Arana Aholkularitza","article_modified_time":"2025-06-11T10:44:37+00:00","og_image":[{"url":"https:\/\/aranafix.com\/wp-content\/uploads\/2025\/04\/asesoramientofinanciero.jpg","type":"","width":"","height":""}],"twitter_card":"summary_large_image","twitter_misc":{"Tiempo de lectura":"2 minutos"},"schema":{"@context":"https:\/\/schema.org","@graph":[{"@type":"WebPage","@id":"https:\/\/aranafix.com\/es\/asesoria-laboral-donostia-arana-aholkularitza\/","url":"https:\/\/aranafix.com\/es\/asesoria-laboral-donostia-arana-aholkularitza\/","name":"Asesor\u00eda laboral - Arana Aholkularitza","isPartOf":{"@id":"https:\/\/aranafix.com\/es\/#website"},"primaryImageOfPage":{"@id":"https:\/\/aranafix.com\/es\/asesoria-laboral-donostia-arana-aholkularitza\/#primaryimage"},"image":{"@id":"https:\/\/aranafix.com\/es\/asesoria-laboral-donostia-arana-aholkularitza\/#primaryimage"},"thumbnailUrl":"https:\/\/aranafix.com\/wp-content\/uploads\/2025\/04\/asesoramientofinanciero.jpg","datePublished":"2025-04-29T07:33:56+00:00","dateModified":"2025-06-11T10:44:37+00:00","description":"Asesor\u00eda laboral en Donostia especializada en gesti\u00f3n de n\u00f3minas, contratos, seguridad social y prevenci\u00f3n de riesgos.","breadcrumb":{"@id":"https:\/\/aranafix.com\/es\/asesoria-laboral-donostia-arana-aholkularitza\/#breadcrumb"},"inLanguage":"es","potentialAction":[{"@type":"ReadAction","target":["https:\/\/aranafix.com\/es\/asesoria-laboral-donostia-arana-aholkularitza\/"]}]},{"@type":"ImageObject","inLanguage":"es","@id":"https:\/\/aranafix.com\/es\/asesoria-laboral-donostia-arana-aholkularitza\/#primaryimage","url":"https:\/\/aranafix.com\/wp-content\/uploads\/2025\/04\/asesoramientofinanciero.jpg","contentUrl":"https:\/\/aranafix.com\/wp-content\/uploads\/2025\/04\/asesoramientofinanciero.jpg"},{"@type":"BreadcrumbList","@id":"https:\/\/aranafix.com\/es\/asesoria-laboral-donostia-arana-aholkularitza\/#breadcrumb","itemListElement":[{"@type":"ListItem","position":1,"name":"Portada","item":"https:\/\/aranafix.com\/es\/"},{"@type":"ListItem","position":2,"name":"Asesor\u00eda laboral"}]},{"@type":"WebSite","@id":"https:\/\/aranafix.com\/es\/#website","url":"https:\/\/aranafix.com\/es\/","name":"Arana Aholkularitza","description":"","publisher":{"@id":"https:\/\/aranafix.com\/es\/#organization"},"potentialAction":[{"@type":"SearchAction","target":{"@type":"EntryPoint","urlTemplate":"https:\/\/aranafix.com\/es\/?s={search_term_string}"},"query-input":{"@type":"PropertyValueSpecification","valueRequired":true,"valueName":"search_term_string"}}],"inLanguage":"es"},{"@type":"Organization","@id":"https:\/\/aranafix.com\/es\/#organization","name":"Arana Aholkularitza","url":"https:\/\/aranafix.com\/es\/","logo":{"@type":"ImageObject","inLanguage":"es","@id":"https:\/\/aranafix.com\/es\/#\/schema\/logo\/image\/","url":"https:\/\/aranafix.com\/wp-content\/uploads\/2025\/04\/cropped-logo-1.png","contentUrl":"https:\/\/aranafix.com\/wp-content\/uploads\/2025\/04\/cropped-logo-1.png","width":512,"height":512,"caption":"Arana Aholkularitza"},"image":{"@id":"https:\/\/aranafix.com\/es\/#\/schema\/logo\/image\/"}}]}},"_links":{"self":[{"href":"https:\/\/aranafix.com\/es\/wp-json\/wp\/v2\/pages\/8014","targetHints":{"allow":["GET"]}}],"collection":[{"href":"https:\/\/aranafix.com\/es\/wp-json\/wp\/v2\/pages"}],"about":[{"href":"https:\/\/aranafix.com\/es\/wp-json\/wp\/v2\/types\/page"}],"author":[{"embeddable":true,"href":"https:\/\/aranafix.com\/es\/wp-json\/wp\/v2\/users\/1"}],"replies":[{"embeddable":true,"href":"https:\/\/aranafix.com\/es\/wp-json\/wp\/v2\/comments?post=8014"}],"version-history":[{"count":22,"href":"https:\/\/aranafix.com\/es\/wp-json\/wp\/v2\/pages\/8014\/revisions"}],"predecessor-version":[{"id":8606,"href":"https:\/\/aranafix.com\/es\/wp-json\/wp\/v2\/pages\/8014\/revisions\/8606"}],"wp:attachment":[{"href":"https:\/\/aranafix.com\/es\/wp-json\/wp\/v2\/media?parent=8014"}],"curies":[{"name":"wp","href":"https:\/\/api.w.org\/{rel}","templated":true}]}}