{"id":7995,"date":"2025-04-25T10:01:16","date_gmt":"2025-04-25T10:01:16","guid":{"rendered":"https:\/\/aranafix.com\/?page_id=7995"},"modified":"2025-06-11T09:20:33","modified_gmt":"2025-06-11T09:20:33","slug":"planes-de-viabilidad","status":"publish","type":"page","link":"https:\/\/aranafix.com\/es\/planes-de-viabilidad\/","title":{"rendered":"Planes de viabilidad"},"content":{"rendered":"\t\t<div data-elementor-type=\"wp-page\" data-elementor-id=\"7995\" class=\"elementor elementor-7995\" data-elementor-post-type=\"page\">\n\t\t\t\t\t\t<section class=\"elementor-section elementor-top-section elementor-element elementor-element-8260ce2 elementor-section-boxed elementor-section-height-default elementor-section-height-default\" data-id=\"8260ce2\" data-element_type=\"section\" data-settings=\"{&quot;background_background&quot;:&quot;classic&quot;}\">\n\t\t\t\t\t\t<div class=\"elementor-container elementor-column-gap-no\">\n\t\t\t\t\t<div class=\"elementor-column elementor-col-100 elementor-top-column elementor-element elementor-element-f8e4610\" data-id=\"f8e4610\" data-element_type=\"column\">\n\t\t\t<div class=\"elementor-widget-wrap elementor-element-populated\">\n\t\t\t\t\t\t<div class=\"elementor-element elementor-element-ba44d38 elementor-widget elementor-widget-heading\" data-id=\"ba44d38\" data-element_type=\"widget\" data-widget_type=\"heading.default\">\n\t\t\t\t\t\t<div class=\"elementor-widget-container\">\n\t\t\t\t\t<h1 class=\"elementor-heading-title elementor-size-default\">Planes de viabilidad<\/h1>\t\t\t\t<\/div>\n\t\t\t\t<\/div>\n\t\t\t\t\t<\/div>\n\t\t<\/div>\n\t\t\t\t\t<\/div>\n\t\t<\/section>\n\t\t<div class=\"elementor-element elementor-element-096499d e-flex e-con-boxed e-con e-parent\" data-id=\"096499d\" data-element_type=\"container\">\n\t\t\t\t\t<div class=\"e-con-inner\">\n\t\t<div class=\"elementor-element elementor-element-61c8607 e-flex e-con-boxed e-con e-child\" data-id=\"61c8607\" data-element_type=\"container\">\n\t\t\t\t\t<div class=\"e-con-inner\">\n\t\t\t\t<div class=\"elementor-element elementor-element-81f923d elementor-widget elementor-widget-text-editor\" data-id=\"81f923d\" data-element_type=\"widget\" data-widget_type=\"text-editor.default\">\n\t\t\t\t\t\t<div class=\"elementor-widget-container\">\n\t\t\t\t\t\t\t\t\t<p class=\"\" data-start=\"335\" data-end=\"606\">En Arana Aholkularitza elaboramos <strong data-start=\"369\" data-end=\"493\">planes de viabilidad econ\u00f3mica homologados por el Departamento de Promoci\u00f3n Econ\u00f3mica de la Diputaci\u00f3n Foral de Gipuzkoa<\/strong>, fundamentales para emprender, acceder a ayudas o presentar un proyecto ante inversores o entidades financieras.<\/p><p class=\"\" data-start=\"608\" data-end=\"836\">Un plan de viabilidad no solo es un requisito t\u00e9cnico: es una herramienta estrat\u00e9gica que te permite saber si tu idea es rentable, cu\u00e1ndo recuperar\u00e1s tu inversi\u00f3n y qu\u00e9 necesitas para que tu proyecto funcione desde el principio.<\/p><p class=\"\" data-start=\"838\" data-end=\"880\">Nuestro equipo te acompa\u00f1a paso a paso en:<\/p><ul data-start=\"881\" data-end=\"1109\"><li class=\"\" data-start=\"881\" data-end=\"932\"><p class=\"\" data-start=\"883\" data-end=\"932\">An\u00e1lisis de ingresos, gastos e inversi\u00f3n inicial.<\/p><\/li><li class=\"\" data-start=\"933\" data-end=\"989\"><p class=\"\" data-start=\"935\" data-end=\"989\">Estimaci\u00f3n de rentabilidad y proyecci\u00f3n de resultados.<\/p><\/li><li class=\"\" data-start=\"990\" data-end=\"1036\"><p class=\"\" data-start=\"992\" data-end=\"1036\">Valoraci\u00f3n de riesgos y escenarios posibles.<\/p><\/li><li class=\"\" data-start=\"1037\" data-end=\"1109\"><p class=\"\" data-start=\"1039\" data-end=\"1109\">Redacci\u00f3n del documento completo, listo para presentar ante entidades.<\/p><\/li><\/ul><p class=\"\" data-start=\"1111\" data-end=\"1296\">Tanto si est\u00e1s emprendiendo como si necesitas reorientar o ampliar tu negocio, este servicio te dar\u00e1 una <strong data-start=\"1216\" data-end=\"1253\">visi\u00f3n clara, realista y completa<\/strong> de lo que puedes esperar\u2026 y c\u00f3mo lograrlo.<\/p><p class=\"\" data-start=\"1298\" data-end=\"1372\"><strong data-start=\"1298\" data-end=\"1372\">Porque las buenas decisiones se toman con datos. Y con una buena gu\u00eda.<\/strong><\/p>\t\t\t\t\t\t\t\t<\/div>\n\t\t\t\t<\/div>\n\t\t\t\t\t<\/div>\n\t\t\t\t<\/div>\n\t\t\t\t\t<\/div>\n\t\t\t\t<\/div>\n\t\t\t\t<\/div>\n\t\t","protected":false},"excerpt":{"rendered":"<p>Planes de viabilidad En Arana Aholkularitza elaboramos planes de viabilidad econ\u00f3mica homologados por el Departamento de Promoci\u00f3n Econ\u00f3mica de la Diputaci\u00f3n Foral de Gipuzkoa, fundamentales para emprender, acceder a ayudas o presentar un proyecto ante inversores o entidades financieras. Un plan de viabilidad no solo es un requisito t\u00e9cnico: es una herramienta estrat\u00e9gica que te&hellip; <a class=\"continue\" href=\"https:\/\/aranafix.com\/es\/planes-de-viabilidad\/\">Continue Reading<span> Planes de viabilidad<\/span><\/a><\/p>\n","protected":false},"author":1,"featured_media":0,"parent":0,"menu_order":0,"comment_status":"closed","ping_status":"closed","template":"","meta":{"site-sidebar-layout":"no-sidebar","site-content-layout":"page-builder","ast-site-content-layout":"full-width-container","site-content-style":"default","site-sidebar-style":"default","ast-global-header-display":"","ast-banner-title-visibility":"","ast-main-header-display":"","ast-hfb-above-header-display":"","ast-hfb-below-header-display":"","ast-hfb-mobile-header-display":"","site-post-title":"disabled","ast-breadcrumbs-content":"","ast-featured-img":"disabled","footer-sml-layout":"","theme-transparent-header-meta":"","adv-header-id-meta":"","stick-header-meta":"","header-above-stick-meta":"","header-main-stick-meta":"","header-below-stick-meta":"","astra-migrate-meta-layouts":"set","ast-page-background-enabled":"default","ast-page-background-meta":{"desktop":{"background-color":"","background-image":"","background-repeat":"repeat","background-position":"center center","background-size":"auto","background-attachment":"scroll","background-type":"","background-media":"","overlay-type":"","overlay-color":"","overlay-opacity":"","overlay-gradient":""},"tablet":{"background-color":"","background-image":"","background-repeat":"repeat","background-position":"center center","background-size":"auto","background-attachment":"scroll","background-type":"","background-media":"","overlay-type":"","overlay-color":"","overlay-opacity":"","overlay-gradient":""},"mobile":{"background-color":"","background-image":"","background-repeat":"repeat","background-position":"center center","background-size":"auto","background-attachment":"scroll","background-type":"","background-media":"","overlay-type":"","overlay-color":"","overlay-opacity":"","overlay-gradient":""}},"ast-content-background-meta":{"desktop":{"background-color":"var(--ast-global-color-5)","background-image":"","background-repeat":"repeat","background-position":"center center","background-size":"auto","background-attachment":"scroll","background-type":"","background-media":"","overlay-type":"","overlay-color":"","overlay-opacity":"","overlay-gradient":""},"tablet":{"background-color":"var(--ast-global-color-5)","background-image":"","background-repeat":"repeat","background-position":"center center","background-size":"auto","background-attachment":"scroll","background-type":"","background-media":"","overlay-type":"","overlay-color":"","overlay-opacity":"","overlay-gradient":""},"mobile":{"background-color":"var(--ast-global-color-5)","background-image":"","background-repeat":"repeat","background-position":"center center","background-size":"auto","background-attachment":"scroll","background-type":"","background-media":"","overlay-type":"","overlay-color":"","overlay-opacity":"","overlay-gradient":""}},"footnotes":""},"class_list":["post-7995","page","type-page","status-publish","hentry"],"yoast_head":"<!-- This site is optimized with the Yoast SEO plugin v26.1.1 - https:\/\/yoast.com\/wordpress\/plugins\/seo\/ -->\n<title>Planes de viabilidad - Arana Aholkularitza<\/title>\n<meta name=\"robots\" content=\"index, follow, max-snippet:-1, max-image-preview:large, max-video-preview:-1\" \/>\n<link rel=\"canonical\" href=\"https:\/\/aranafix.com\/es\/planes-de-viabilidad\/\" \/>\n<meta property=\"og:locale\" content=\"es_ES\" \/>\n<meta property=\"og:type\" content=\"article\" \/>\n<meta property=\"og:title\" content=\"Planes de viabilidad - Arana Aholkularitza\" \/>\n<meta property=\"og:description\" content=\"Planes de viabilidad En Arana Aholkularitza elaboramos planes de viabilidad econ\u00f3mica homologados por el Departamento de Promoci\u00f3n Econ\u00f3mica de la Diputaci\u00f3n Foral de Gipuzkoa, fundamentales para emprender, acceder a ayudas o presentar un proyecto ante inversores o entidades financieras. Un plan de viabilidad no solo es un requisito t\u00e9cnico: es una herramienta estrat\u00e9gica que te&hellip; Continue Reading Planes de viabilidad\" \/>\n<meta property=\"og:url\" content=\"https:\/\/aranafix.com\/es\/planes-de-viabilidad\/\" \/>\n<meta property=\"og:site_name\" content=\"Arana Aholkularitza\" \/>\n<meta property=\"article:modified_time\" content=\"2025-06-11T09:20:33+00:00\" \/>\n<meta name=\"twitter:card\" content=\"summary_large_image\" \/>\n<meta name=\"twitter:label1\" content=\"Tiempo de lectura\" \/>\n\t<meta name=\"twitter:data1\" content=\"1 minuto\" \/>\n<script type=\"application\/ld+json\" class=\"yoast-schema-graph\">{\"@context\":\"https:\/\/schema.org\",\"@graph\":[{\"@type\":\"WebPage\",\"@id\":\"https:\/\/aranafix.com\/es\/planes-de-viabilidad\/\",\"url\":\"https:\/\/aranafix.com\/es\/planes-de-viabilidad\/\",\"name\":\"Planes de viabilidad - Arana Aholkularitza\",\"isPartOf\":{\"@id\":\"https:\/\/aranafix.com\/es\/#website\"},\"datePublished\":\"2025-04-25T10:01:16+00:00\",\"dateModified\":\"2025-06-11T09:20:33+00:00\",\"breadcrumb\":{\"@id\":\"https:\/\/aranafix.com\/es\/planes-de-viabilidad\/#breadcrumb\"},\"inLanguage\":\"es\",\"potentialAction\":[{\"@type\":\"ReadAction\",\"target\":[\"https:\/\/aranafix.com\/es\/planes-de-viabilidad\/\"]}]},{\"@type\":\"BreadcrumbList\",\"@id\":\"https:\/\/aranafix.com\/es\/planes-de-viabilidad\/#breadcrumb\",\"itemListElement\":[{\"@type\":\"ListItem\",\"position\":1,\"name\":\"Portada\",\"item\":\"https:\/\/aranafix.com\/es\/\"},{\"@type\":\"ListItem\",\"position\":2,\"name\":\"Planes de viabilidad\"}]},{\"@type\":\"WebSite\",\"@id\":\"https:\/\/aranafix.com\/es\/#website\",\"url\":\"https:\/\/aranafix.com\/es\/\",\"name\":\"Arana Aholkularitza\",\"description\":\"\",\"publisher\":{\"@id\":\"https:\/\/aranafix.com\/es\/#organization\"},\"potentialAction\":[{\"@type\":\"SearchAction\",\"target\":{\"@type\":\"EntryPoint\",\"urlTemplate\":\"https:\/\/aranafix.com\/es\/?s={search_term_string}\"},\"query-input\":{\"@type\":\"PropertyValueSpecification\",\"valueRequired\":true,\"valueName\":\"search_term_string\"}}],\"inLanguage\":\"es\"},{\"@type\":\"Organization\",\"@id\":\"https:\/\/aranafix.com\/es\/#organization\",\"name\":\"Arana Aholkularitza\",\"url\":\"https:\/\/aranafix.com\/es\/\",\"logo\":{\"@type\":\"ImageObject\",\"inLanguage\":\"es\",\"@id\":\"https:\/\/aranafix.com\/es\/#\/schema\/logo\/image\/\",\"url\":\"https:\/\/aranafix.com\/wp-content\/uploads\/2025\/04\/cropped-logo-1.png\",\"contentUrl\":\"https:\/\/aranafix.com\/wp-content\/uploads\/2025\/04\/cropped-logo-1.png\",\"width\":512,\"height\":512,\"caption\":\"Arana Aholkularitza\"},\"image\":{\"@id\":\"https:\/\/aranafix.com\/es\/#\/schema\/logo\/image\/\"}}]}<\/script>\n<!-- \/ Yoast SEO plugin. -->","yoast_head_json":{"title":"Planes de viabilidad - Arana Aholkularitza","robots":{"index":"index","follow":"follow","max-snippet":"max-snippet:-1","max-image-preview":"max-image-preview:large","max-video-preview":"max-video-preview:-1"},"canonical":"https:\/\/aranafix.com\/es\/planes-de-viabilidad\/","og_locale":"es_ES","og_type":"article","og_title":"Planes de viabilidad - Arana Aholkularitza","og_description":"Planes de viabilidad En Arana Aholkularitza elaboramos planes de viabilidad econ\u00f3mica homologados por el Departamento de Promoci\u00f3n Econ\u00f3mica de la Diputaci\u00f3n Foral de Gipuzkoa, fundamentales para emprender, acceder a ayudas o presentar un proyecto ante inversores o entidades financieras. Un plan de viabilidad no solo es un requisito t\u00e9cnico: es una herramienta estrat\u00e9gica que te&hellip; Continue Reading Planes de viabilidad","og_url":"https:\/\/aranafix.com\/es\/planes-de-viabilidad\/","og_site_name":"Arana Aholkularitza","article_modified_time":"2025-06-11T09:20:33+00:00","twitter_card":"summary_large_image","twitter_misc":{"Tiempo de lectura":"1 minuto"},"schema":{"@context":"https:\/\/schema.org","@graph":[{"@type":"WebPage","@id":"https:\/\/aranafix.com\/es\/planes-de-viabilidad\/","url":"https:\/\/aranafix.com\/es\/planes-de-viabilidad\/","name":"Planes de viabilidad - Arana Aholkularitza","isPartOf":{"@id":"https:\/\/aranafix.com\/es\/#website"},"datePublished":"2025-04-25T10:01:16+00:00","dateModified":"2025-06-11T09:20:33+00:00","breadcrumb":{"@id":"https:\/\/aranafix.com\/es\/planes-de-viabilidad\/#breadcrumb"},"inLanguage":"es","potentialAction":[{"@type":"ReadAction","target":["https:\/\/aranafix.com\/es\/planes-de-viabilidad\/"]}]},{"@type":"BreadcrumbList","@id":"https:\/\/aranafix.com\/es\/planes-de-viabilidad\/#breadcrumb","itemListElement":[{"@type":"ListItem","position":1,"name":"Portada","item":"https:\/\/aranafix.com\/es\/"},{"@type":"ListItem","position":2,"name":"Planes de viabilidad"}]},{"@type":"WebSite","@id":"https:\/\/aranafix.com\/es\/#website","url":"https:\/\/aranafix.com\/es\/","name":"Arana Aholkularitza","description":"","publisher":{"@id":"https:\/\/aranafix.com\/es\/#organization"},"potentialAction":[{"@type":"SearchAction","target":{"@type":"EntryPoint","urlTemplate":"https:\/\/aranafix.com\/es\/?s={search_term_string}"},"query-input":{"@type":"PropertyValueSpecification","valueRequired":true,"valueName":"search_term_string"}}],"inLanguage":"es"},{"@type":"Organization","@id":"https:\/\/aranafix.com\/es\/#organization","name":"Arana Aholkularitza","url":"https:\/\/aranafix.com\/es\/","logo":{"@type":"ImageObject","inLanguage":"es","@id":"https:\/\/aranafix.com\/es\/#\/schema\/logo\/image\/","url":"https:\/\/aranafix.com\/wp-content\/uploads\/2025\/04\/cropped-logo-1.png","contentUrl":"https:\/\/aranafix.com\/wp-content\/uploads\/2025\/04\/cropped-logo-1.png","width":512,"height":512,"caption":"Arana Aholkularitza"},"image":{"@id":"https:\/\/aranafix.com\/es\/#\/schema\/logo\/image\/"}}]}},"_links":{"self":[{"href":"https:\/\/aranafix.com\/es\/wp-json\/wp\/v2\/pages\/7995","targetHints":{"allow":["GET"]}}],"collection":[{"href":"https:\/\/aranafix.com\/es\/wp-json\/wp\/v2\/pages"}],"about":[{"href":"https:\/\/aranafix.com\/es\/wp-json\/wp\/v2\/types\/page"}],"author":[{"embeddable":true,"href":"https:\/\/aranafix.com\/es\/wp-json\/wp\/v2\/users\/1"}],"replies":[{"embeddable":true,"href":"https:\/\/aranafix.com\/es\/wp-json\/wp\/v2\/comments?post=7995"}],"version-history":[{"count":10,"href":"https:\/\/aranafix.com\/es\/wp-json\/wp\/v2\/pages\/7995\/revisions"}],"predecessor-version":[{"id":8594,"href":"https:\/\/aranafix.com\/es\/wp-json\/wp\/v2\/pages\/7995\/revisions\/8594"}],"wp:attachment":[{"href":"https:\/\/aranafix.com\/es\/wp-json\/wp\/v2\/media?parent=7995"}],"curies":[{"name":"wp","href":"https:\/\/api.w.org\/{rel}","templated":true}]}}