{"id":7981,"date":"2025-04-25T09:55:59","date_gmt":"2025-04-25T09:55:59","guid":{"rendered":"https:\/\/aranafix.com\/?page_id=7981"},"modified":"2025-06-11T09:24:50","modified_gmt":"2025-06-11T09:24:50","slug":"planificacion-fiscal","status":"publish","type":"page","link":"https:\/\/aranafix.com\/es\/planificacion-fiscal\/","title":{"rendered":"Planificaci\u00f3n fiscal"},"content":{"rendered":"\t\t<div data-elementor-type=\"wp-page\" data-elementor-id=\"7981\" class=\"elementor elementor-7981\" data-elementor-post-type=\"page\">\n\t\t\t\t\t\t<section class=\"elementor-section elementor-top-section elementor-element elementor-element-6a00b52 elementor-section-boxed elementor-section-height-default elementor-section-height-default\" data-id=\"6a00b52\" data-element_type=\"section\" data-settings=\"{&quot;background_background&quot;:&quot;classic&quot;}\">\n\t\t\t\t\t\t<div class=\"elementor-container elementor-column-gap-no\">\n\t\t\t\t\t<div class=\"elementor-column elementor-col-100 elementor-top-column elementor-element elementor-element-e7b304a\" data-id=\"e7b304a\" data-element_type=\"column\">\n\t\t\t<div class=\"elementor-widget-wrap elementor-element-populated\">\n\t\t\t\t\t\t<div class=\"elementor-element elementor-element-d2d9c0b elementor-widget elementor-widget-heading\" data-id=\"d2d9c0b\" data-element_type=\"widget\" data-widget_type=\"heading.default\">\n\t\t\t\t\t\t<div class=\"elementor-widget-container\">\n\t\t\t\t\t<h1 class=\"elementor-heading-title elementor-size-default\">Planificaci\u00f3n fiscal<\/h1>\t\t\t\t<\/div>\n\t\t\t\t<\/div>\n\t\t\t\t\t<\/div>\n\t\t<\/div>\n\t\t\t\t\t<\/div>\n\t\t<\/section>\n\t\t<div class=\"elementor-element elementor-element-86e5c19 e-flex e-con-boxed e-con e-parent\" data-id=\"86e5c19\" data-element_type=\"container\" data-settings=\"{&quot;background_background&quot;:&quot;classic&quot;}\">\n\t\t\t\t\t<div class=\"e-con-inner\">\n\t\t<div class=\"elementor-element elementor-element-ca19966 e-flex e-con-boxed e-con e-child\" data-id=\"ca19966\" data-element_type=\"container\">\n\t\t\t\t\t<div class=\"e-con-inner\">\n\t\t\t\t<div class=\"elementor-element elementor-element-e8e0994 elementor-widget elementor-widget-text-editor\" data-id=\"e8e0994\" data-element_type=\"widget\" data-widget_type=\"text-editor.default\">\n\t\t\t\t\t\t<div class=\"elementor-widget-container\">\n\t\t\t\t\t\t\t\t\t<p class=\"\" data-start=\"289\" data-end=\"526\">La planificaci\u00f3n fiscal es mucho m\u00e1s que cumplir con Hacienda. En Arana Aholkularitza te ayudamos a <strong data-start=\"389\" data-end=\"460\">organizar tu actividad econ\u00f3mica para optimizar tu carga tributaria<\/strong>, tomando decisiones inteligentes antes de que lleguen los plazos.<\/p><p class=\"\" data-start=\"528\" data-end=\"830\">Analizamos tu situaci\u00f3n personal o empresarial en profundidad para encontrar la mejor forma de reducir la presi\u00f3n fiscal de forma legal y adaptada a tus circunstancias. Dise\u00f1amos estrategias personalizadas que te permiten <strong data-start=\"750\" data-end=\"829\">ahorrar en impuestos, prever costes y tomar decisiones con visi\u00f3n de futuro<\/strong>.<\/p><p class=\"\" data-start=\"832\" data-end=\"920\">Ya seas aut\u00f3nomo, pyme o sociedad, te acompa\u00f1amos a lo largo del a\u00f1o en cuestiones como:<\/p><ul data-start=\"921\" data-end=\"1116\"><li class=\"\" data-start=\"921\" data-end=\"972\"><p class=\"\" data-start=\"923\" data-end=\"972\">Anticipaci\u00f3n de resultados y estimaci\u00f3n de pagos.<\/p><\/li><li class=\"\" data-start=\"973\" data-end=\"1017\"><p class=\"\" data-start=\"975\" data-end=\"1017\">Elecci\u00f3n del r\u00e9gimen fiscal m\u00e1s favorable.<\/p><\/li><li class=\"\" data-start=\"1018\" data-end=\"1064\"><p class=\"\" data-start=\"1020\" data-end=\"1064\">Distribuci\u00f3n eficiente de ingresos y gastos.<\/p><\/li><li class=\"\" data-start=\"1065\" data-end=\"1116\"><p class=\"\" data-start=\"1067\" data-end=\"1116\">Planificaci\u00f3n de inversiones y su impacto fiscal.<\/p><\/li><\/ul><p class=\"\" data-start=\"1118\" data-end=\"1337\">Nuestro objetivo es que pagues lo justo, sin sustos ni improvisaciones, y que entiendas cada paso que damos juntos. Con Arana Aholkularitza tendr\u00e1s siempre una visi\u00f3n clara de tu situaci\u00f3n y margen para actuar a tiempo.<\/p><p class=\"\" data-start=\"1339\" data-end=\"1387\"><strong data-start=\"1339\" data-end=\"1387\">Planificar no es una opci\u00f3n, es una ventaja.<\/strong><\/p>\t\t\t\t\t\t\t\t<\/div>\n\t\t\t\t<\/div>\n\t\t\t\t\t<\/div>\n\t\t\t\t<\/div>\n\t\t\t\t\t<\/div>\n\t\t\t\t<\/div>\n\t\t\t\t<\/div>\n\t\t","protected":false},"excerpt":{"rendered":"<p>Planificaci\u00f3n fiscal La planificaci\u00f3n fiscal es mucho m\u00e1s que cumplir con Hacienda. En Arana Aholkularitza te ayudamos a organizar tu actividad econ\u00f3mica para optimizar tu carga tributaria, tomando decisiones inteligentes antes de que lleguen los plazos. Analizamos tu situaci\u00f3n personal o empresarial en profundidad para encontrar la mejor forma de reducir la presi\u00f3n fiscal de&hellip; <a class=\"continue\" href=\"https:\/\/aranafix.com\/es\/planificacion-fiscal\/\">Continue Reading<span> Planificaci\u00f3n fiscal<\/span><\/a><\/p>\n","protected":false},"author":1,"featured_media":0,"parent":0,"menu_order":0,"comment_status":"closed","ping_status":"closed","template":"","meta":{"site-sidebar-layout":"no-sidebar","site-content-layout":"page-builder","ast-site-content-layout":"full-width-container","site-content-style":"default","site-sidebar-style":"default","ast-global-header-display":"","ast-banner-title-visibility":"","ast-main-header-display":"","ast-hfb-above-header-display":"","ast-hfb-below-header-display":"","ast-hfb-mobile-header-display":"","site-post-title":"disabled","ast-breadcrumbs-content":"","ast-featured-img":"disabled","footer-sml-layout":"","theme-transparent-header-meta":"","adv-header-id-meta":"","stick-header-meta":"","header-above-stick-meta":"","header-main-stick-meta":"","header-below-stick-meta":"","astra-migrate-meta-layouts":"set","ast-page-background-enabled":"default","ast-page-background-meta":{"desktop":{"background-color":"","background-image":"","background-repeat":"repeat","background-position":"center center","background-size":"auto","background-attachment":"scroll","background-type":"","background-media":"","overlay-type":"","overlay-color":"","overlay-opacity":"","overlay-gradient":""},"tablet":{"background-color":"","background-image":"","background-repeat":"repeat","background-position":"center center","background-size":"auto","background-attachment":"scroll","background-type":"","background-media":"","overlay-type":"","overlay-color":"","overlay-opacity":"","overlay-gradient":""},"mobile":{"background-color":"","background-image":"","background-repeat":"repeat","background-position":"center center","background-size":"auto","background-attachment":"scroll","background-type":"","background-media":"","overlay-type":"","overlay-color":"","overlay-opacity":"","overlay-gradient":""}},"ast-content-background-meta":{"desktop":{"background-color":"var(--ast-global-color-5)","background-image":"","background-repeat":"repeat","background-position":"center center","background-size":"auto","background-attachment":"scroll","background-type":"","background-media":"","overlay-type":"","overlay-color":"","overlay-opacity":"","overlay-gradient":""},"tablet":{"background-color":"var(--ast-global-color-5)","background-image":"","background-repeat":"repeat","background-position":"center center","background-size":"auto","background-attachment":"scroll","background-type":"","background-media":"","overlay-type":"","overlay-color":"","overlay-opacity":"","overlay-gradient":""},"mobile":{"background-color":"var(--ast-global-color-5)","background-image":"","background-repeat":"repeat","background-position":"center center","background-size":"auto","background-attachment":"scroll","background-type":"","background-media":"","overlay-type":"","overlay-color":"","overlay-opacity":"","overlay-gradient":""}},"footnotes":""},"class_list":["post-7981","page","type-page","status-publish","hentry"],"yoast_head":"<!-- This site is optimized with the Yoast SEO plugin v26.1.1 - https:\/\/yoast.com\/wordpress\/plugins\/seo\/ -->\n<title>Planificaci\u00f3n fiscal - Arana Aholkularitza<\/title>\n<meta name=\"robots\" content=\"index, follow, max-snippet:-1, max-image-preview:large, max-video-preview:-1\" \/>\n<link rel=\"canonical\" href=\"https:\/\/aranafix.com\/es\/planificacion-fiscal\/\" \/>\n<meta property=\"og:locale\" content=\"es_ES\" \/>\n<meta property=\"og:type\" content=\"article\" \/>\n<meta property=\"og:title\" content=\"Planificaci\u00f3n fiscal - Arana Aholkularitza\" \/>\n<meta property=\"og:description\" content=\"Planificaci\u00f3n fiscal La planificaci\u00f3n fiscal es mucho m\u00e1s que cumplir con Hacienda. En Arana Aholkularitza te ayudamos a organizar tu actividad econ\u00f3mica para optimizar tu carga tributaria, tomando decisiones inteligentes antes de que lleguen los plazos. Analizamos tu situaci\u00f3n personal o empresarial en profundidad para encontrar la mejor forma de reducir la presi\u00f3n fiscal de&hellip; Continue Reading Planificaci\u00f3n fiscal\" \/>\n<meta property=\"og:url\" content=\"https:\/\/aranafix.com\/es\/planificacion-fiscal\/\" \/>\n<meta property=\"og:site_name\" content=\"Arana Aholkularitza\" \/>\n<meta property=\"article:modified_time\" content=\"2025-06-11T09:24:50+00:00\" \/>\n<meta name=\"twitter:card\" content=\"summary_large_image\" \/>\n<meta name=\"twitter:label1\" content=\"Tiempo de lectura\" \/>\n\t<meta name=\"twitter:data1\" content=\"1 minuto\" \/>\n<script type=\"application\/ld+json\" class=\"yoast-schema-graph\">{\"@context\":\"https:\/\/schema.org\",\"@graph\":[{\"@type\":\"WebPage\",\"@id\":\"https:\/\/aranafix.com\/es\/planificacion-fiscal\/\",\"url\":\"https:\/\/aranafix.com\/es\/planificacion-fiscal\/\",\"name\":\"Planificaci\u00f3n fiscal - Arana Aholkularitza\",\"isPartOf\":{\"@id\":\"https:\/\/aranafix.com\/es\/#website\"},\"datePublished\":\"2025-04-25T09:55:59+00:00\",\"dateModified\":\"2025-06-11T09:24:50+00:00\",\"breadcrumb\":{\"@id\":\"https:\/\/aranafix.com\/es\/planificacion-fiscal\/#breadcrumb\"},\"inLanguage\":\"es\",\"potentialAction\":[{\"@type\":\"ReadAction\",\"target\":[\"https:\/\/aranafix.com\/es\/planificacion-fiscal\/\"]}]},{\"@type\":\"BreadcrumbList\",\"@id\":\"https:\/\/aranafix.com\/es\/planificacion-fiscal\/#breadcrumb\",\"itemListElement\":[{\"@type\":\"ListItem\",\"position\":1,\"name\":\"Portada\",\"item\":\"https:\/\/aranafix.com\/es\/\"},{\"@type\":\"ListItem\",\"position\":2,\"name\":\"Planificaci\u00f3n fiscal\"}]},{\"@type\":\"WebSite\",\"@id\":\"https:\/\/aranafix.com\/es\/#website\",\"url\":\"https:\/\/aranafix.com\/es\/\",\"name\":\"Arana Aholkularitza\",\"description\":\"\",\"publisher\":{\"@id\":\"https:\/\/aranafix.com\/es\/#organization\"},\"potentialAction\":[{\"@type\":\"SearchAction\",\"target\":{\"@type\":\"EntryPoint\",\"urlTemplate\":\"https:\/\/aranafix.com\/es\/?s={search_term_string}\"},\"query-input\":{\"@type\":\"PropertyValueSpecification\",\"valueRequired\":true,\"valueName\":\"search_term_string\"}}],\"inLanguage\":\"es\"},{\"@type\":\"Organization\",\"@id\":\"https:\/\/aranafix.com\/es\/#organization\",\"name\":\"Arana Aholkularitza\",\"url\":\"https:\/\/aranafix.com\/es\/\",\"logo\":{\"@type\":\"ImageObject\",\"inLanguage\":\"es\",\"@id\":\"https:\/\/aranafix.com\/es\/#\/schema\/logo\/image\/\",\"url\":\"https:\/\/aranafix.com\/wp-content\/uploads\/2025\/04\/cropped-logo-1.png\",\"contentUrl\":\"https:\/\/aranafix.com\/wp-content\/uploads\/2025\/04\/cropped-logo-1.png\",\"width\":512,\"height\":512,\"caption\":\"Arana Aholkularitza\"},\"image\":{\"@id\":\"https:\/\/aranafix.com\/es\/#\/schema\/logo\/image\/\"}}]}<\/script>\n<!-- \/ Yoast SEO plugin. -->","yoast_head_json":{"title":"Planificaci\u00f3n fiscal - Arana Aholkularitza","robots":{"index":"index","follow":"follow","max-snippet":"max-snippet:-1","max-image-preview":"max-image-preview:large","max-video-preview":"max-video-preview:-1"},"canonical":"https:\/\/aranafix.com\/es\/planificacion-fiscal\/","og_locale":"es_ES","og_type":"article","og_title":"Planificaci\u00f3n fiscal - Arana Aholkularitza","og_description":"Planificaci\u00f3n fiscal La planificaci\u00f3n fiscal es mucho m\u00e1s que cumplir con Hacienda. En Arana Aholkularitza te ayudamos a organizar tu actividad econ\u00f3mica para optimizar tu carga tributaria, tomando decisiones inteligentes antes de que lleguen los plazos. Analizamos tu situaci\u00f3n personal o empresarial en profundidad para encontrar la mejor forma de reducir la presi\u00f3n fiscal de&hellip; Continue Reading Planificaci\u00f3n fiscal","og_url":"https:\/\/aranafix.com\/es\/planificacion-fiscal\/","og_site_name":"Arana Aholkularitza","article_modified_time":"2025-06-11T09:24:50+00:00","twitter_card":"summary_large_image","twitter_misc":{"Tiempo de lectura":"1 minuto"},"schema":{"@context":"https:\/\/schema.org","@graph":[{"@type":"WebPage","@id":"https:\/\/aranafix.com\/es\/planificacion-fiscal\/","url":"https:\/\/aranafix.com\/es\/planificacion-fiscal\/","name":"Planificaci\u00f3n fiscal - Arana Aholkularitza","isPartOf":{"@id":"https:\/\/aranafix.com\/es\/#website"},"datePublished":"2025-04-25T09:55:59+00:00","dateModified":"2025-06-11T09:24:50+00:00","breadcrumb":{"@id":"https:\/\/aranafix.com\/es\/planificacion-fiscal\/#breadcrumb"},"inLanguage":"es","potentialAction":[{"@type":"ReadAction","target":["https:\/\/aranafix.com\/es\/planificacion-fiscal\/"]}]},{"@type":"BreadcrumbList","@id":"https:\/\/aranafix.com\/es\/planificacion-fiscal\/#breadcrumb","itemListElement":[{"@type":"ListItem","position":1,"name":"Portada","item":"https:\/\/aranafix.com\/es\/"},{"@type":"ListItem","position":2,"name":"Planificaci\u00f3n fiscal"}]},{"@type":"WebSite","@id":"https:\/\/aranafix.com\/es\/#website","url":"https:\/\/aranafix.com\/es\/","name":"Arana Aholkularitza","description":"","publisher":{"@id":"https:\/\/aranafix.com\/es\/#organization"},"potentialAction":[{"@type":"SearchAction","target":{"@type":"EntryPoint","urlTemplate":"https:\/\/aranafix.com\/es\/?s={search_term_string}"},"query-input":{"@type":"PropertyValueSpecification","valueRequired":true,"valueName":"search_term_string"}}],"inLanguage":"es"},{"@type":"Organization","@id":"https:\/\/aranafix.com\/es\/#organization","name":"Arana Aholkularitza","url":"https:\/\/aranafix.com\/es\/","logo":{"@type":"ImageObject","inLanguage":"es","@id":"https:\/\/aranafix.com\/es\/#\/schema\/logo\/image\/","url":"https:\/\/aranafix.com\/wp-content\/uploads\/2025\/04\/cropped-logo-1.png","contentUrl":"https:\/\/aranafix.com\/wp-content\/uploads\/2025\/04\/cropped-logo-1.png","width":512,"height":512,"caption":"Arana Aholkularitza"},"image":{"@id":"https:\/\/aranafix.com\/es\/#\/schema\/logo\/image\/"}}]}},"_links":{"self":[{"href":"https:\/\/aranafix.com\/es\/wp-json\/wp\/v2\/pages\/7981","targetHints":{"allow":["GET"]}}],"collection":[{"href":"https:\/\/aranafix.com\/es\/wp-json\/wp\/v2\/pages"}],"about":[{"href":"https:\/\/aranafix.com\/es\/wp-json\/wp\/v2\/types\/page"}],"author":[{"embeddable":true,"href":"https:\/\/aranafix.com\/es\/wp-json\/wp\/v2\/users\/1"}],"replies":[{"embeddable":true,"href":"https:\/\/aranafix.com\/es\/wp-json\/wp\/v2\/comments?post=7981"}],"version-history":[{"count":13,"href":"https:\/\/aranafix.com\/es\/wp-json\/wp\/v2\/pages\/7981\/revisions"}],"predecessor-version":[{"id":8597,"href":"https:\/\/aranafix.com\/es\/wp-json\/wp\/v2\/pages\/7981\/revisions\/8597"}],"wp:attachment":[{"href":"https:\/\/aranafix.com\/es\/wp-json\/wp\/v2\/media?parent=7981"}],"curies":[{"name":"wp","href":"https:\/\/api.w.org\/{rel}","templated":true}]}}