{"id":7954,"date":"2025-04-25T09:49:57","date_gmt":"2025-04-25T09:49:57","guid":{"rendered":"https:\/\/aranafix.com\/?page_id=7954"},"modified":"2025-06-11T08:28:48","modified_gmt":"2025-06-11T08:28:48","slug":"declaraciones-y-liquidaciones","status":"publish","type":"page","link":"https:\/\/aranafix.com\/es\/declaraciones-y-liquidaciones\/","title":{"rendered":"Declaraciones y liquidaciones"},"content":{"rendered":"\t\t<div data-elementor-type=\"wp-page\" data-elementor-id=\"7954\" class=\"elementor elementor-7954\" data-elementor-post-type=\"page\">\n\t\t\t\t\t\t<section class=\"elementor-section elementor-top-section elementor-element elementor-element-9c9f152 elementor-section-boxed elementor-section-height-default elementor-section-height-default\" data-id=\"9c9f152\" data-element_type=\"section\" data-settings=\"{&quot;background_background&quot;:&quot;classic&quot;}\">\n\t\t\t\t\t\t<div class=\"elementor-container elementor-column-gap-no\">\n\t\t\t\t\t<div class=\"elementor-column elementor-col-100 elementor-top-column elementor-element elementor-element-bd08bcf\" data-id=\"bd08bcf\" data-element_type=\"column\">\n\t\t\t<div class=\"elementor-widget-wrap elementor-element-populated\">\n\t\t\t\t\t\t<div class=\"elementor-element elementor-element-89991f5 elementor-widget elementor-widget-heading\" data-id=\"89991f5\" data-element_type=\"widget\" data-widget_type=\"heading.default\">\n\t\t\t\t\t\t<div class=\"elementor-widget-container\">\n\t\t\t\t\t<h1 class=\"elementor-heading-title elementor-size-default\">Declaraciones y liquidaciones<\/h1>\t\t\t\t<\/div>\n\t\t\t\t<\/div>\n\t\t\t\t\t<\/div>\n\t\t<\/div>\n\t\t\t\t\t<\/div>\n\t\t<\/section>\n\t\t<div class=\"elementor-element elementor-element-f05f436 e-flex e-con-boxed e-con e-parent\" data-id=\"f05f436\" data-element_type=\"container\" data-settings=\"{&quot;background_background&quot;:&quot;classic&quot;}\">\n\t\t\t\t\t<div class=\"e-con-inner\">\n\t\t<div class=\"elementor-element elementor-element-748a158 e-flex e-con-boxed e-con e-child\" data-id=\"748a158\" data-element_type=\"container\">\n\t\t\t\t\t<div class=\"e-con-inner\">\n\t\t\t\t<div class=\"elementor-element elementor-element-d07a42a elementor-widget elementor-widget-text-editor\" data-id=\"d07a42a\" data-element_type=\"widget\" data-widget_type=\"text-editor.default\">\n\t\t\t\t\t\t<div class=\"elementor-widget-container\">\n\t\t\t\t\t\t\t\t\t<p class=\"\" data-start=\"316\" data-end=\"619\">En Arana Aholkularitza nos encargamos de la\u00a0<strong data-start=\"360\" data-end=\"426\">elaboraci\u00f3n y presentaci\u00f3n de todas tus declaraciones fiscales<\/strong>, tanto peri\u00f3dicas como anuales. Nos aseguramos de que cumplas con tus obligaciones ante Hacienda de manera\u00a0<strong data-start=\"534\" data-end=\"569\">puntual, correcta y sin errores<\/strong>, evitando sanciones o sobresaltos de \u00faltima hora.<\/p><p class=\"\" data-start=\"621\" data-end=\"909\">Trabajamos con\u00a0<strong data-start=\"636\" data-end=\"669\">aut\u00f3nomos, pymes y sociedades<\/strong>, adaptando cada presentaci\u00f3n a la realidad fiscal de cada cliente. Gestionamos todos los modelos necesarios:\u00a0<strong data-start=\"779\" data-end=\"895\">IVA, IRPF, retenciones, pagos fraccionados, Impuesto de Sociedades, declaraciones censales<\/strong>, entre otros.<\/p><p class=\"\" data-start=\"911\" data-end=\"1081\">Adem\u00e1s, te mantenemos al tanto de\u00a0<strong data-start=\"945\" data-end=\"967\">novedades fiscales<\/strong>\u00a0que puedan afectarte y te explicamos con un lenguaje claro qu\u00e9 se presenta, por qu\u00e9 y c\u00f3mo impacta en tu negocio.<\/p><p class=\"\" data-start=\"1083\" data-end=\"1261\">Porque entendemos que no se trata solo de \u201chacer papeles\u201d, sino de darte\u00a0<strong data-start=\"1156\" data-end=\"1195\">seguridad, control y acompa\u00f1amiento<\/strong>\u00a0en un \u00e1rea cr\u00edtica para la estabilidad de tu actividad econ\u00f3mica.<\/p><p class=\"\" data-start=\"1263\" data-end=\"1334\"><strong data-start=\"1263\" data-end=\"1334\">T\u00fa ded\u00edcate a tu negocio. Nosotros nos encargamos de tus impuestos.<\/strong><\/p>\t\t\t\t\t\t\t\t<\/div>\n\t\t\t\t<\/div>\n\t\t\t\t\t<\/div>\n\t\t\t\t<\/div>\n\t\t\t\t\t<\/div>\n\t\t\t\t<\/div>\n\t\t\t\t<\/div>\n\t\t","protected":false},"excerpt":{"rendered":"<p>Declaraciones y liquidaciones En Arana Aholkularitza nos encargamos de la\u00a0elaboraci\u00f3n y presentaci\u00f3n de todas tus declaraciones fiscales, tanto peri\u00f3dicas como anuales. Nos aseguramos de que cumplas con tus obligaciones ante Hacienda de manera\u00a0puntual, correcta y sin errores, evitando sanciones o sobresaltos de \u00faltima hora. Trabajamos con\u00a0aut\u00f3nomos, pymes y sociedades, adaptando cada presentaci\u00f3n a la realidad&hellip; <a class=\"continue\" href=\"https:\/\/aranafix.com\/es\/declaraciones-y-liquidaciones\/\">Continue Reading<span> Declaraciones y liquidaciones<\/span><\/a><\/p>\n","protected":false},"author":1,"featured_media":0,"parent":0,"menu_order":0,"comment_status":"closed","ping_status":"closed","template":"","meta":{"site-sidebar-layout":"no-sidebar","site-content-layout":"page-builder","ast-site-content-layout":"full-width-container","site-content-style":"default","site-sidebar-style":"default","ast-global-header-display":"","ast-banner-title-visibility":"","ast-main-header-display":"","ast-hfb-above-header-display":"","ast-hfb-below-header-display":"","ast-hfb-mobile-header-display":"","site-post-title":"disabled","ast-breadcrumbs-content":"","ast-featured-img":"disabled","footer-sml-layout":"","theme-transparent-header-meta":"","adv-header-id-meta":"","stick-header-meta":"","header-above-stick-meta":"","header-main-stick-meta":"","header-below-stick-meta":"","astra-migrate-meta-layouts":"set","ast-page-background-enabled":"default","ast-page-background-meta":{"desktop":{"background-color":"","background-image":"","background-repeat":"repeat","background-position":"center center","background-size":"auto","background-attachment":"scroll","background-type":"","background-media":"","overlay-type":"","overlay-color":"","overlay-opacity":"","overlay-gradient":""},"tablet":{"background-color":"","background-image":"","background-repeat":"repeat","background-position":"center center","background-size":"auto","background-attachment":"scroll","background-type":"","background-media":"","overlay-type":"","overlay-color":"","overlay-opacity":"","overlay-gradient":""},"mobile":{"background-color":"","background-image":"","background-repeat":"repeat","background-position":"center center","background-size":"auto","background-attachment":"scroll","background-type":"","background-media":"","overlay-type":"","overlay-color":"","overlay-opacity":"","overlay-gradient":""}},"ast-content-background-meta":{"desktop":{"background-color":"var(--ast-global-color-5)","background-image":"","background-repeat":"repeat","background-position":"center center","background-size":"auto","background-attachment":"scroll","background-type":"","background-media":"","overlay-type":"","overlay-color":"","overlay-opacity":"","overlay-gradient":""},"tablet":{"background-color":"var(--ast-global-color-5)","background-image":"","background-repeat":"repeat","background-position":"center center","background-size":"auto","background-attachment":"scroll","background-type":"","background-media":"","overlay-type":"","overlay-color":"","overlay-opacity":"","overlay-gradient":""},"mobile":{"background-color":"var(--ast-global-color-5)","background-image":"","background-repeat":"repeat","background-position":"center center","background-size":"auto","background-attachment":"scroll","background-type":"","background-media":"","overlay-type":"","overlay-color":"","overlay-opacity":"","overlay-gradient":""}},"footnotes":""},"class_list":["post-7954","page","type-page","status-publish","hentry"],"yoast_head":"<!-- This site is optimized with the Yoast SEO plugin v26.1.1 - https:\/\/yoast.com\/wordpress\/plugins\/seo\/ -->\n<title>Declaraciones y liquidaciones - Arana Aholkularitza<\/title>\n<meta name=\"robots\" content=\"index, follow, max-snippet:-1, max-image-preview:large, max-video-preview:-1\" \/>\n<link rel=\"canonical\" href=\"https:\/\/aranafix.com\/es\/declaraciones-y-liquidaciones\/\" \/>\n<meta property=\"og:locale\" content=\"es_ES\" \/>\n<meta property=\"og:type\" content=\"article\" \/>\n<meta property=\"og:title\" content=\"Declaraciones y liquidaciones - Arana Aholkularitza\" \/>\n<meta property=\"og:description\" content=\"Declaraciones y liquidaciones En Arana Aholkularitza nos encargamos de la\u00a0elaboraci\u00f3n y presentaci\u00f3n de todas tus declaraciones fiscales, tanto peri\u00f3dicas como anuales. Nos aseguramos de que cumplas con tus obligaciones ante Hacienda de manera\u00a0puntual, correcta y sin errores, evitando sanciones o sobresaltos de \u00faltima hora. Trabajamos con\u00a0aut\u00f3nomos, pymes y sociedades, adaptando cada presentaci\u00f3n a la realidad&hellip; Continue Reading Declaraciones y liquidaciones\" \/>\n<meta property=\"og:url\" content=\"https:\/\/aranafix.com\/es\/declaraciones-y-liquidaciones\/\" \/>\n<meta property=\"og:site_name\" content=\"Arana Aholkularitza\" \/>\n<meta property=\"article:modified_time\" content=\"2025-06-11T08:28:48+00:00\" \/>\n<meta name=\"twitter:card\" content=\"summary_large_image\" \/>\n<meta name=\"twitter:label1\" content=\"Tiempo de lectura\" \/>\n\t<meta name=\"twitter:data1\" content=\"1 minuto\" \/>\n<script type=\"application\/ld+json\" class=\"yoast-schema-graph\">{\"@context\":\"https:\/\/schema.org\",\"@graph\":[{\"@type\":\"WebPage\",\"@id\":\"https:\/\/aranafix.com\/es\/declaraciones-y-liquidaciones\/\",\"url\":\"https:\/\/aranafix.com\/es\/declaraciones-y-liquidaciones\/\",\"name\":\"Declaraciones y liquidaciones - Arana Aholkularitza\",\"isPartOf\":{\"@id\":\"https:\/\/aranafix.com\/es\/#website\"},\"datePublished\":\"2025-04-25T09:49:57+00:00\",\"dateModified\":\"2025-06-11T08:28:48+00:00\",\"breadcrumb\":{\"@id\":\"https:\/\/aranafix.com\/es\/declaraciones-y-liquidaciones\/#breadcrumb\"},\"inLanguage\":\"es\",\"potentialAction\":[{\"@type\":\"ReadAction\",\"target\":[\"https:\/\/aranafix.com\/es\/declaraciones-y-liquidaciones\/\"]}]},{\"@type\":\"BreadcrumbList\",\"@id\":\"https:\/\/aranafix.com\/es\/declaraciones-y-liquidaciones\/#breadcrumb\",\"itemListElement\":[{\"@type\":\"ListItem\",\"position\":1,\"name\":\"Portada\",\"item\":\"https:\/\/aranafix.com\/es\/\"},{\"@type\":\"ListItem\",\"position\":2,\"name\":\"Declaraciones y liquidaciones\"}]},{\"@type\":\"WebSite\",\"@id\":\"https:\/\/aranafix.com\/es\/#website\",\"url\":\"https:\/\/aranafix.com\/es\/\",\"name\":\"Arana Aholkularitza\",\"description\":\"\",\"publisher\":{\"@id\":\"https:\/\/aranafix.com\/es\/#organization\"},\"potentialAction\":[{\"@type\":\"SearchAction\",\"target\":{\"@type\":\"EntryPoint\",\"urlTemplate\":\"https:\/\/aranafix.com\/es\/?s={search_term_string}\"},\"query-input\":{\"@type\":\"PropertyValueSpecification\",\"valueRequired\":true,\"valueName\":\"search_term_string\"}}],\"inLanguage\":\"es\"},{\"@type\":\"Organization\",\"@id\":\"https:\/\/aranafix.com\/es\/#organization\",\"name\":\"Arana Aholkularitza\",\"url\":\"https:\/\/aranafix.com\/es\/\",\"logo\":{\"@type\":\"ImageObject\",\"inLanguage\":\"es\",\"@id\":\"https:\/\/aranafix.com\/es\/#\/schema\/logo\/image\/\",\"url\":\"https:\/\/aranafix.com\/wp-content\/uploads\/2025\/04\/cropped-logo-1.png\",\"contentUrl\":\"https:\/\/aranafix.com\/wp-content\/uploads\/2025\/04\/cropped-logo-1.png\",\"width\":512,\"height\":512,\"caption\":\"Arana Aholkularitza\"},\"image\":{\"@id\":\"https:\/\/aranafix.com\/es\/#\/schema\/logo\/image\/\"}}]}<\/script>\n<!-- \/ Yoast SEO plugin. -->","yoast_head_json":{"title":"Declaraciones y liquidaciones - Arana Aholkularitza","robots":{"index":"index","follow":"follow","max-snippet":"max-snippet:-1","max-image-preview":"max-image-preview:large","max-video-preview":"max-video-preview:-1"},"canonical":"https:\/\/aranafix.com\/es\/declaraciones-y-liquidaciones\/","og_locale":"es_ES","og_type":"article","og_title":"Declaraciones y liquidaciones - Arana Aholkularitza","og_description":"Declaraciones y liquidaciones En Arana Aholkularitza nos encargamos de la\u00a0elaboraci\u00f3n y presentaci\u00f3n de todas tus declaraciones fiscales, tanto peri\u00f3dicas como anuales. Nos aseguramos de que cumplas con tus obligaciones ante Hacienda de manera\u00a0puntual, correcta y sin errores, evitando sanciones o sobresaltos de \u00faltima hora. Trabajamos con\u00a0aut\u00f3nomos, pymes y sociedades, adaptando cada presentaci\u00f3n a la realidad&hellip; Continue Reading Declaraciones y liquidaciones","og_url":"https:\/\/aranafix.com\/es\/declaraciones-y-liquidaciones\/","og_site_name":"Arana Aholkularitza","article_modified_time":"2025-06-11T08:28:48+00:00","twitter_card":"summary_large_image","twitter_misc":{"Tiempo de lectura":"1 minuto"},"schema":{"@context":"https:\/\/schema.org","@graph":[{"@type":"WebPage","@id":"https:\/\/aranafix.com\/es\/declaraciones-y-liquidaciones\/","url":"https:\/\/aranafix.com\/es\/declaraciones-y-liquidaciones\/","name":"Declaraciones y liquidaciones - Arana Aholkularitza","isPartOf":{"@id":"https:\/\/aranafix.com\/es\/#website"},"datePublished":"2025-04-25T09:49:57+00:00","dateModified":"2025-06-11T08:28:48+00:00","breadcrumb":{"@id":"https:\/\/aranafix.com\/es\/declaraciones-y-liquidaciones\/#breadcrumb"},"inLanguage":"es","potentialAction":[{"@type":"ReadAction","target":["https:\/\/aranafix.com\/es\/declaraciones-y-liquidaciones\/"]}]},{"@type":"BreadcrumbList","@id":"https:\/\/aranafix.com\/es\/declaraciones-y-liquidaciones\/#breadcrumb","itemListElement":[{"@type":"ListItem","position":1,"name":"Portada","item":"https:\/\/aranafix.com\/es\/"},{"@type":"ListItem","position":2,"name":"Declaraciones y liquidaciones"}]},{"@type":"WebSite","@id":"https:\/\/aranafix.com\/es\/#website","url":"https:\/\/aranafix.com\/es\/","name":"Arana Aholkularitza","description":"","publisher":{"@id":"https:\/\/aranafix.com\/es\/#organization"},"potentialAction":[{"@type":"SearchAction","target":{"@type":"EntryPoint","urlTemplate":"https:\/\/aranafix.com\/es\/?s={search_term_string}"},"query-input":{"@type":"PropertyValueSpecification","valueRequired":true,"valueName":"search_term_string"}}],"inLanguage":"es"},{"@type":"Organization","@id":"https:\/\/aranafix.com\/es\/#organization","name":"Arana Aholkularitza","url":"https:\/\/aranafix.com\/es\/","logo":{"@type":"ImageObject","inLanguage":"es","@id":"https:\/\/aranafix.com\/es\/#\/schema\/logo\/image\/","url":"https:\/\/aranafix.com\/wp-content\/uploads\/2025\/04\/cropped-logo-1.png","contentUrl":"https:\/\/aranafix.com\/wp-content\/uploads\/2025\/04\/cropped-logo-1.png","width":512,"height":512,"caption":"Arana Aholkularitza"},"image":{"@id":"https:\/\/aranafix.com\/es\/#\/schema\/logo\/image\/"}}]}},"_links":{"self":[{"href":"https:\/\/aranafix.com\/es\/wp-json\/wp\/v2\/pages\/7954","targetHints":{"allow":["GET"]}}],"collection":[{"href":"https:\/\/aranafix.com\/es\/wp-json\/wp\/v2\/pages"}],"about":[{"href":"https:\/\/aranafix.com\/es\/wp-json\/wp\/v2\/types\/page"}],"author":[{"embeddable":true,"href":"https:\/\/aranafix.com\/es\/wp-json\/wp\/v2\/users\/1"}],"replies":[{"embeddable":true,"href":"https:\/\/aranafix.com\/es\/wp-json\/wp\/v2\/comments?post=7954"}],"version-history":[{"count":31,"href":"https:\/\/aranafix.com\/es\/wp-json\/wp\/v2\/pages\/7954\/revisions"}],"predecessor-version":[{"id":8588,"href":"https:\/\/aranafix.com\/es\/wp-json\/wp\/v2\/pages\/7954\/revisions\/8588"}],"wp:attachment":[{"href":"https:\/\/aranafix.com\/es\/wp-json\/wp\/v2\/media?parent=7954"}],"curies":[{"name":"wp","href":"https:\/\/api.w.org\/{rel}","templated":true}]}}