{"id":129,"date":"2025-04-10T10:19:33","date_gmt":"2025-04-10T10:19:33","guid":{"rendered":"https:\/\/aranafix.com\/index.php\/services\/"},"modified":"2025-06-11T08:26:01","modified_gmt":"2025-06-11T08:26:01","slug":"asesoramiento-fiscal-contable","status":"publish","type":"page","link":"https:\/\/aranafix.com\/es\/asesoramiento-fiscal-contable\/","title":{"rendered":"Asesoramiento fiscal y contable"},"content":{"rendered":"\t\t<div data-elementor-type=\"wp-post\" data-elementor-id=\"129\" class=\"elementor elementor-129\" data-elementor-post-type=\"page\">\n\t\t\t\t\t\t<section class=\"elementor-section elementor-top-section elementor-element elementor-element-c7ec98e elementor-section-boxed elementor-section-height-default elementor-section-height-default\" data-id=\"c7ec98e\" data-element_type=\"section\" data-settings=\"{&quot;background_background&quot;:&quot;classic&quot;}\">\n\t\t\t\t\t\t<div class=\"elementor-container elementor-column-gap-no\">\n\t\t\t\t\t<div class=\"elementor-column elementor-col-100 elementor-top-column elementor-element elementor-element-ecc406e\" data-id=\"ecc406e\" data-element_type=\"column\">\n\t\t\t<div class=\"elementor-widget-wrap elementor-element-populated\">\n\t\t\t\t\t\t<div class=\"elementor-element elementor-element-6f3d088 elementor-widget elementor-widget-heading\" data-id=\"6f3d088\" data-element_type=\"widget\" data-widget_type=\"heading.default\">\n\t\t\t\t\t\t<div class=\"elementor-widget-container\">\n\t\t\t\t\t<h1 class=\"elementor-heading-title elementor-size-default\">Asesor\u00eda fiscal y contable en Donostia<\/h1>\t\t\t\t<\/div>\n\t\t\t\t<\/div>\n\t\t\t\t\t<\/div>\n\t\t<\/div>\n\t\t\t\t\t<\/div>\n\t\t<\/section>\n\t\t<div class=\"elementor-element elementor-element-2c7d7bb e-flex e-con-boxed e-con e-parent\" data-id=\"2c7d7bb\" data-element_type=\"container\" data-settings=\"{&quot;background_background&quot;:&quot;classic&quot;}\">\n\t\t\t\t\t<div class=\"e-con-inner\">\n\t\t<div class=\"elementor-element elementor-element-a42e5ae e-con-full e-flex e-con e-child\" data-id=\"a42e5ae\" data-element_type=\"container\">\n\t\t\t\t<div class=\"elementor-element elementor-element-0838b13 elementor-widget elementor-widget-text-editor\" data-id=\"0838b13\" data-element_type=\"widget\" data-widget_type=\"text-editor.default\">\n\t\t\t\t\t\t<div class=\"elementor-widget-container\">\n\t\t\t\t\t\t\t\t\t<p class=\"\" data-start=\"397\" data-end=\"705\">En Arana Aholkularitza ofrecemos un servicio de <strong data-start=\"445\" data-end=\"473\">asesor\u00eda fiscal Donostia<\/strong> pensado para que aut\u00f3nomos, pymes y particulares gestionen correctamente sus obligaciones tributarias. Nos encargamos de planificar, revisar y presentar tus impuestos con rigor y puntualidad, ayud\u00e1ndote a optimizar tu carga fiscal.<\/p><p class=\"\" data-start=\"707\" data-end=\"1025\">Contamos con un equipo de expertos que act\u00faa como tu <strong data-start=\"760\" data-end=\"788\">asesor contable y fiscal<\/strong>, ofreci\u00e9ndote una visi\u00f3n clara de tu situaci\u00f3n econ\u00f3mica y gui\u00e1ndote en la toma de decisiones estrat\u00e9gicas. Nuestro trato cercano, combinado con una gesti\u00f3n eficaz, nos permite anticiparnos a tus necesidades y darte soluciones a medida.<\/p>\t\t\t\t\t\t\t\t<\/div>\n\t\t\t\t<\/div>\n\t\t\t\t<\/div>\n\t\t\t\t\t<\/div>\n\t\t\t\t<\/div>\n\t\t<div class=\"elementor-element elementor-element-7750483 e-flex e-con-boxed e-con e-parent\" data-id=\"7750483\" data-element_type=\"container\" data-settings=\"{&quot;background_background&quot;:&quot;classic&quot;}\">\n\t\t\t\t\t<div class=\"e-con-inner\">\n\t\t<div class=\"elementor-element elementor-element-8b75471 e-con-full e-flex e-con e-child\" data-id=\"8b75471\" data-element_type=\"container\" data-settings=\"{&quot;background_background&quot;:&quot;classic&quot;}\">\n\t\t\t\t<div class=\"elementor-element elementor-element-729a3d1 elementor-widget elementor-widget-image\" data-id=\"729a3d1\" data-element_type=\"widget\" data-widget_type=\"image.default\">\n\t\t\t\t\t\t<div class=\"elementor-widget-container\">\n\t\t\t\t\t\t\t\t\t\t\t\t\t\t\t<img fetchpriority=\"high\" decoding=\"async\" width=\"1440\" height=\"1444\" src=\"https:\/\/aranafix.com\/wp-content\/uploads\/2025\/04\/asesoramientofiscal.jpg\" class=\"attachment-full size-full wp-image-8040\" alt=\"\" srcset=\"https:\/\/aranafix.com\/wp-content\/uploads\/2025\/04\/asesoramientofiscal.jpg 1440w, https:\/\/aranafix.com\/wp-content\/uploads\/2025\/04\/asesoramientofiscal-300x300.jpg 300w, https:\/\/aranafix.com\/wp-content\/uploads\/2025\/04\/asesoramientofiscal-1021x1024.jpg 1021w, https:\/\/aranafix.com\/wp-content\/uploads\/2025\/04\/asesoramientofiscal-150x150.jpg 150w, https:\/\/aranafix.com\/wp-content\/uploads\/2025\/04\/asesoramientofiscal-768x770.jpg 768w\" sizes=\"(max-width: 1440px) 100vw, 1440px\" \/>\t\t\t\t\t\t\t\t\t\t\t\t\t\t\t<\/div>\n\t\t\t\t<\/div>\n\t\t\t\t<\/div>\n\t\t<div class=\"elementor-element elementor-element-81d04ef e-con-full e-flex e-con e-child\" data-id=\"81d04ef\" data-element_type=\"container\">\n\t\t\t\t<div class=\"elementor-element elementor-element-2ea9ddb elementor-widget elementor-widget-heading\" data-id=\"2ea9ddb\" data-element_type=\"widget\" data-widget_type=\"heading.default\">\n\t\t\t\t\t\t<div class=\"elementor-widget-container\">\n\t\t\t\t\t<h3 class=\"elementor-heading-title elementor-size-default\">Asesor\u00eda fiscal Donostia: planificaci\u00f3n y declaraciones sin errores<\/h3>\t\t\t\t<\/div>\n\t\t\t\t<\/div>\n\t\t\t\t<div class=\"elementor-element elementor-element-f3b1155 elementor-widget elementor-widget-text-editor\" data-id=\"f3b1155\" data-element_type=\"widget\" data-widget_type=\"text-editor.default\">\n\t\t\t\t\t\t<div class=\"elementor-widget-container\">\n\t\t\t\t\t\t\t\t\t<p class=\"\" data-start=\"1111\" data-end=\"1358\">Gestionamos todo tipo de impuestos: IVA, IRPF, Impuesto de Sociedades, retenciones y pagos fraccionados. Nos encargamos de su <strong data-start=\"1237\" data-end=\"1267\">elaboraci\u00f3n y presentaci\u00f3n<\/strong> cumpliendo todos los requisitos legales, para que te olvides de los tr\u00e1mites con Hacienda.<\/p><p class=\"\" data-start=\"1360\" data-end=\"1582\">Como parte de nuestra <strong data-start=\"1382\" data-end=\"1410\">asesor\u00eda fiscal Donostia<\/strong>, tambi\u00e9n realizamos una <strong data-start=\"1435\" data-end=\"1471\">planificaci\u00f3n fiscal estrat\u00e9gica<\/strong>, ayud\u00e1ndote a anticipar pagos, reducir costes innecesarios y aprovechar al m\u00e1ximo las deducciones disponibles.<\/p>\t\t\t\t\t\t\t\t<\/div>\n\t\t\t\t<\/div>\n\t\t\t\t<\/div>\n\t\t\t\t\t<\/div>\n\t\t\t\t<\/div>\n\t\t<div class=\"elementor-element elementor-element-6cddb1b e-flex e-con-boxed e-con e-parent\" data-id=\"6cddb1b\" data-element_type=\"container\" data-settings=\"{&quot;background_background&quot;:&quot;classic&quot;}\">\n\t\t\t\t\t<div class=\"e-con-inner\">\n\t\t<div class=\"elementor-element elementor-element-f175447 e-con-full e-flex e-con e-child\" data-id=\"f175447\" data-element_type=\"container\">\n\t\t\t\t<div class=\"elementor-element elementor-element-60f1b27 elementor-widget elementor-widget-heading\" data-id=\"60f1b27\" data-element_type=\"widget\" data-widget_type=\"heading.default\">\n\t\t\t\t\t\t<div class=\"elementor-widget-container\">\n\t\t\t\t\t<h3 class=\"elementor-heading-title elementor-size-default\">Asesor contable y fiscal: contabilidad fiable y asesoramiento continuo<\/h3>\t\t\t\t<\/div>\n\t\t\t\t<\/div>\n\t\t\t\t<div class=\"elementor-element elementor-element-b9afa7f elementor-widget elementor-widget-text-editor\" data-id=\"b9afa7f\" data-element_type=\"widget\" data-widget_type=\"text-editor.default\">\n\t\t\t\t\t\t<div class=\"elementor-widget-container\">\n\t\t\t\t\t\t\t\t\t<p class=\"\" data-start=\"1671\" data-end=\"1951\">Nuestro equipo act\u00faa como tu <strong data-start=\"1700\" data-end=\"1728\">asesor contable y fiscal<\/strong>, llevando al d\u00eda la contabilidad de tu negocio, registrando cada operaci\u00f3n con rigor y cumpliendo con las normativas vigentes. Esto nos permite ofrecerte informes claros y \u00fatiles que te ayudan a tomar decisiones acertadas.<\/p><p class=\"\" data-start=\"1953\" data-end=\"2137\">Adem\u00e1s, te damos soporte durante todo el a\u00f1o: resolvemos tus dudas, detectamos oportunidades de mejora y velamos por la salud financiera de tu empresa desde la cercan\u00eda y la confianza.<\/p>\t\t\t\t\t\t\t\t<\/div>\n\t\t\t\t<\/div>\n\t\t\t\t<\/div>\n\t\t<div class=\"elementor-element elementor-element-7f84341 e-con-full e-flex e-con e-child\" data-id=\"7f84341\" data-element_type=\"container\" data-settings=\"{&quot;background_background&quot;:&quot;classic&quot;}\">\n\t\t\t\t<div class=\"elementor-element elementor-element-494dc3a elementor-widget elementor-widget-image\" data-id=\"494dc3a\" data-element_type=\"widget\" data-widget_type=\"image.default\">\n\t\t\t\t\t\t<div class=\"elementor-widget-container\">\n\t\t\t\t\t\t\t\t\t\t\t\t\t\t\t<img decoding=\"async\" width=\"1440\" height=\"1444\" src=\"https:\/\/aranafix.com\/wp-content\/uploads\/2025\/04\/asesoriamercantil.jpg\" class=\"attachment-full size-full wp-image-8042\" alt=\"\" srcset=\"https:\/\/aranafix.com\/wp-content\/uploads\/2025\/04\/asesoriamercantil.jpg 1440w, https:\/\/aranafix.com\/wp-content\/uploads\/2025\/04\/asesoriamercantil-300x300.jpg 300w, https:\/\/aranafix.com\/wp-content\/uploads\/2025\/04\/asesoriamercantil-1021x1024.jpg 1021w, https:\/\/aranafix.com\/wp-content\/uploads\/2025\/04\/asesoriamercantil-150x150.jpg 150w, https:\/\/aranafix.com\/wp-content\/uploads\/2025\/04\/asesoriamercantil-768x770.jpg 768w\" sizes=\"(max-width: 1440px) 100vw, 1440px\" \/>\t\t\t\t\t\t\t\t\t\t\t\t\t\t\t<\/div>\n\t\t\t\t<\/div>\n\t\t\t\t<\/div>\n\t\t\t\t\t<\/div>\n\t\t\t\t<\/div>\n\t\t\t\t<\/div>\n\t\t","protected":false},"excerpt":{"rendered":"<p>Asesor\u00eda fiscal y contable en Donostia En Arana Aholkularitza ofrecemos un servicio de asesor\u00eda fiscal Donostia pensado para que aut\u00f3nomos, pymes y particulares gestionen correctamente sus obligaciones tributarias. Nos encargamos de planificar, revisar y presentar tus impuestos con rigor y puntualidad, ayud\u00e1ndote a optimizar tu carga fiscal. Contamos con un equipo de expertos que act\u00faa&hellip; <a class=\"continue\" href=\"https:\/\/aranafix.com\/es\/asesoramiento-fiscal-contable\/\">Continue Reading<span> Asesoramiento fiscal y contable<\/span><\/a><\/p>\n","protected":false},"author":1,"featured_media":0,"parent":0,"menu_order":0,"comment_status":"closed","ping_status":"closed","template":"","meta":{"site-sidebar-layout":"default","site-content-layout":"page-builder","ast-site-content-layout":"full-width-container","site-content-style":"unboxed","site-sidebar-style":"unboxed","ast-global-header-display":"","ast-banner-title-visibility":"","ast-main-header-display":"","ast-hfb-above-header-display":"","ast-hfb-below-header-display":"","ast-hfb-mobile-header-display":"","site-post-title":"disabled","ast-breadcrumbs-content":"","ast-featured-img":"disabled","footer-sml-layout":"","theme-transparent-header-meta":"enabled","adv-header-id-meta":"","stick-header-meta":"","header-above-stick-meta":"","header-main-stick-meta":"","header-below-stick-meta":"","astra-migrate-meta-layouts":"set","ast-page-background-enabled":"default","ast-page-background-meta":{"desktop":{"background-color":"","background-image":"","background-repeat":"repeat","background-position":"center center","background-size":"auto","background-attachment":"scroll","background-type":"","background-media":"","overlay-type":"","overlay-color":"","overlay-opacity":"","overlay-gradient":""},"tablet":{"background-color":"","background-image":"","background-repeat":"repeat","background-position":"center center","background-size":"auto","background-attachment":"scroll","background-type":"","background-media":"","overlay-type":"","overlay-color":"","overlay-opacity":"","overlay-gradient":""},"mobile":{"background-color":"","background-image":"","background-repeat":"repeat","background-position":"center center","background-size":"auto","background-attachment":"scroll","background-type":"","background-media":"","overlay-type":"","overlay-color":"","overlay-opacity":"","overlay-gradient":""}},"ast-content-background-meta":{"desktop":{"background-color":"var(--ast-global-color-5)","background-image":"","background-repeat":"repeat","background-position":"center center","background-size":"auto","background-attachment":"scroll","background-type":"","background-media":"","overlay-type":"","overlay-color":"","overlay-opacity":"","overlay-gradient":""},"tablet":{"background-color":"var(--ast-global-color-5)","background-image":"","background-repeat":"repeat","background-position":"center center","background-size":"auto","background-attachment":"scroll","background-type":"","background-media":"","overlay-type":"","overlay-color":"","overlay-opacity":"","overlay-gradient":""},"mobile":{"background-color":"var(--ast-global-color-5)","background-image":"","background-repeat":"repeat","background-position":"center center","background-size":"auto","background-attachment":"scroll","background-type":"","background-media":"","overlay-type":"","overlay-color":"","overlay-opacity":"","overlay-gradient":""}},"footnotes":""},"class_list":["post-129","page","type-page","status-publish","hentry"],"yoast_head":"<!-- This site is optimized with the Yoast SEO plugin v26.1.1 - https:\/\/yoast.com\/wordpress\/plugins\/seo\/ -->\n<title>Asesoramiento fiscal y contable - Arana Aholkularitza<\/title>\n<meta name=\"description\" content=\"Conf\u00eda en Arana Aholkularitza, tu asesor contable y fiscal en Donostia. Te ayudamos a gestionar tus impuestos y contabilidad con rigor, cercan\u00eda y soluciones a medida.\" \/>\n<meta name=\"robots\" content=\"index, follow, max-snippet:-1, max-image-preview:large, max-video-preview:-1\" \/>\n<link rel=\"canonical\" href=\"https:\/\/aranafix.com\/es\/asesoramiento-fiscal-contable\/\" \/>\n<meta property=\"og:locale\" content=\"es_ES\" \/>\n<meta property=\"og:type\" content=\"article\" \/>\n<meta property=\"og:title\" content=\"Asesoramiento fiscal y contable - Arana Aholkularitza\" \/>\n<meta property=\"og:description\" content=\"Conf\u00eda en Arana Aholkularitza, tu asesor contable y fiscal en Donostia. Te ayudamos a gestionar tus impuestos y contabilidad con rigor, cercan\u00eda y soluciones a medida.\" \/>\n<meta property=\"og:url\" content=\"https:\/\/aranafix.com\/es\/asesoramiento-fiscal-contable\/\" \/>\n<meta property=\"og:site_name\" content=\"Arana Aholkularitza\" \/>\n<meta property=\"article:modified_time\" content=\"2025-06-11T08:26:01+00:00\" \/>\n<meta property=\"og:image\" content=\"https:\/\/aranafix.com\/wp-content\/uploads\/2025\/04\/asesoramientofiscal.jpg\" \/>\n<meta name=\"twitter:card\" content=\"summary_large_image\" \/>\n<meta name=\"twitter:label1\" content=\"Tiempo de lectura\" \/>\n\t<meta name=\"twitter:data1\" content=\"2 minutos\" \/>\n<script type=\"application\/ld+json\" class=\"yoast-schema-graph\">{\"@context\":\"https:\/\/schema.org\",\"@graph\":[{\"@type\":\"WebPage\",\"@id\":\"https:\/\/aranafix.com\/es\/asesoramiento-fiscal-contable\/\",\"url\":\"https:\/\/aranafix.com\/es\/asesoramiento-fiscal-contable\/\",\"name\":\"Asesoramiento fiscal y contable - Arana Aholkularitza\",\"isPartOf\":{\"@id\":\"https:\/\/aranafix.com\/es\/#website\"},\"primaryImageOfPage\":{\"@id\":\"https:\/\/aranafix.com\/es\/asesoramiento-fiscal-contable\/#primaryimage\"},\"image\":{\"@id\":\"https:\/\/aranafix.com\/es\/asesoramiento-fiscal-contable\/#primaryimage\"},\"thumbnailUrl\":\"https:\/\/aranafix.com\/wp-content\/uploads\/2025\/04\/asesoramientofiscal.jpg\",\"datePublished\":\"2025-04-10T10:19:33+00:00\",\"dateModified\":\"2025-06-11T08:26:01+00:00\",\"description\":\"Conf\u00eda en Arana Aholkularitza, tu asesor contable y fiscal en Donostia. Te ayudamos a gestionar tus impuestos y contabilidad con rigor, cercan\u00eda y soluciones a medida.\",\"breadcrumb\":{\"@id\":\"https:\/\/aranafix.com\/es\/asesoramiento-fiscal-contable\/#breadcrumb\"},\"inLanguage\":\"es\",\"potentialAction\":[{\"@type\":\"ReadAction\",\"target\":[\"https:\/\/aranafix.com\/es\/asesoramiento-fiscal-contable\/\"]}]},{\"@type\":\"ImageObject\",\"inLanguage\":\"es\",\"@id\":\"https:\/\/aranafix.com\/es\/asesoramiento-fiscal-contable\/#primaryimage\",\"url\":\"https:\/\/aranafix.com\/wp-content\/uploads\/2025\/04\/asesoramientofiscal.jpg\",\"contentUrl\":\"https:\/\/aranafix.com\/wp-content\/uploads\/2025\/04\/asesoramientofiscal.jpg\"},{\"@type\":\"BreadcrumbList\",\"@id\":\"https:\/\/aranafix.com\/es\/asesoramiento-fiscal-contable\/#breadcrumb\",\"itemListElement\":[{\"@type\":\"ListItem\",\"position\":1,\"name\":\"Portada\",\"item\":\"https:\/\/aranafix.com\/es\/\"},{\"@type\":\"ListItem\",\"position\":2,\"name\":\"Asesoramiento fiscal y contable\"}]},{\"@type\":\"WebSite\",\"@id\":\"https:\/\/aranafix.com\/es\/#website\",\"url\":\"https:\/\/aranafix.com\/es\/\",\"name\":\"Arana Aholkularitza\",\"description\":\"\",\"publisher\":{\"@id\":\"https:\/\/aranafix.com\/es\/#organization\"},\"potentialAction\":[{\"@type\":\"SearchAction\",\"target\":{\"@type\":\"EntryPoint\",\"urlTemplate\":\"https:\/\/aranafix.com\/es\/?s={search_term_string}\"},\"query-input\":{\"@type\":\"PropertyValueSpecification\",\"valueRequired\":true,\"valueName\":\"search_term_string\"}}],\"inLanguage\":\"es\"},{\"@type\":\"Organization\",\"@id\":\"https:\/\/aranafix.com\/es\/#organization\",\"name\":\"Arana Aholkularitza\",\"url\":\"https:\/\/aranafix.com\/es\/\",\"logo\":{\"@type\":\"ImageObject\",\"inLanguage\":\"es\",\"@id\":\"https:\/\/aranafix.com\/es\/#\/schema\/logo\/image\/\",\"url\":\"https:\/\/aranafix.com\/wp-content\/uploads\/2025\/04\/cropped-logo-1.png\",\"contentUrl\":\"https:\/\/aranafix.com\/wp-content\/uploads\/2025\/04\/cropped-logo-1.png\",\"width\":512,\"height\":512,\"caption\":\"Arana Aholkularitza\"},\"image\":{\"@id\":\"https:\/\/aranafix.com\/es\/#\/schema\/logo\/image\/\"}}]}<\/script>\n<!-- \/ Yoast SEO plugin. -->","yoast_head_json":{"title":"Asesoramiento fiscal y contable - Arana Aholkularitza","description":"Conf\u00eda en Arana Aholkularitza, tu asesor contable y fiscal en Donostia. Te ayudamos a gestionar tus impuestos y contabilidad con rigor, cercan\u00eda y soluciones a medida.","robots":{"index":"index","follow":"follow","max-snippet":"max-snippet:-1","max-image-preview":"max-image-preview:large","max-video-preview":"max-video-preview:-1"},"canonical":"https:\/\/aranafix.com\/es\/asesoramiento-fiscal-contable\/","og_locale":"es_ES","og_type":"article","og_title":"Asesoramiento fiscal y contable - Arana Aholkularitza","og_description":"Conf\u00eda en Arana Aholkularitza, tu asesor contable y fiscal en Donostia. Te ayudamos a gestionar tus impuestos y contabilidad con rigor, cercan\u00eda y soluciones a medida.","og_url":"https:\/\/aranafix.com\/es\/asesoramiento-fiscal-contable\/","og_site_name":"Arana Aholkularitza","article_modified_time":"2025-06-11T08:26:01+00:00","og_image":[{"url":"https:\/\/aranafix.com\/wp-content\/uploads\/2025\/04\/asesoramientofiscal.jpg","type":"","width":"","height":""}],"twitter_card":"summary_large_image","twitter_misc":{"Tiempo de lectura":"2 minutos"},"schema":{"@context":"https:\/\/schema.org","@graph":[{"@type":"WebPage","@id":"https:\/\/aranafix.com\/es\/asesoramiento-fiscal-contable\/","url":"https:\/\/aranafix.com\/es\/asesoramiento-fiscal-contable\/","name":"Asesoramiento fiscal y contable - Arana Aholkularitza","isPartOf":{"@id":"https:\/\/aranafix.com\/es\/#website"},"primaryImageOfPage":{"@id":"https:\/\/aranafix.com\/es\/asesoramiento-fiscal-contable\/#primaryimage"},"image":{"@id":"https:\/\/aranafix.com\/es\/asesoramiento-fiscal-contable\/#primaryimage"},"thumbnailUrl":"https:\/\/aranafix.com\/wp-content\/uploads\/2025\/04\/asesoramientofiscal.jpg","datePublished":"2025-04-10T10:19:33+00:00","dateModified":"2025-06-11T08:26:01+00:00","description":"Conf\u00eda en Arana Aholkularitza, tu asesor contable y fiscal en Donostia. Te ayudamos a gestionar tus impuestos y contabilidad con rigor, cercan\u00eda y soluciones a medida.","breadcrumb":{"@id":"https:\/\/aranafix.com\/es\/asesoramiento-fiscal-contable\/#breadcrumb"},"inLanguage":"es","potentialAction":[{"@type":"ReadAction","target":["https:\/\/aranafix.com\/es\/asesoramiento-fiscal-contable\/"]}]},{"@type":"ImageObject","inLanguage":"es","@id":"https:\/\/aranafix.com\/es\/asesoramiento-fiscal-contable\/#primaryimage","url":"https:\/\/aranafix.com\/wp-content\/uploads\/2025\/04\/asesoramientofiscal.jpg","contentUrl":"https:\/\/aranafix.com\/wp-content\/uploads\/2025\/04\/asesoramientofiscal.jpg"},{"@type":"BreadcrumbList","@id":"https:\/\/aranafix.com\/es\/asesoramiento-fiscal-contable\/#breadcrumb","itemListElement":[{"@type":"ListItem","position":1,"name":"Portada","item":"https:\/\/aranafix.com\/es\/"},{"@type":"ListItem","position":2,"name":"Asesoramiento fiscal y contable"}]},{"@type":"WebSite","@id":"https:\/\/aranafix.com\/es\/#website","url":"https:\/\/aranafix.com\/es\/","name":"Arana Aholkularitza","description":"","publisher":{"@id":"https:\/\/aranafix.com\/es\/#organization"},"potentialAction":[{"@type":"SearchAction","target":{"@type":"EntryPoint","urlTemplate":"https:\/\/aranafix.com\/es\/?s={search_term_string}"},"query-input":{"@type":"PropertyValueSpecification","valueRequired":true,"valueName":"search_term_string"}}],"inLanguage":"es"},{"@type":"Organization","@id":"https:\/\/aranafix.com\/es\/#organization","name":"Arana Aholkularitza","url":"https:\/\/aranafix.com\/es\/","logo":{"@type":"ImageObject","inLanguage":"es","@id":"https:\/\/aranafix.com\/es\/#\/schema\/logo\/image\/","url":"https:\/\/aranafix.com\/wp-content\/uploads\/2025\/04\/cropped-logo-1.png","contentUrl":"https:\/\/aranafix.com\/wp-content\/uploads\/2025\/04\/cropped-logo-1.png","width":512,"height":512,"caption":"Arana Aholkularitza"},"image":{"@id":"https:\/\/aranafix.com\/es\/#\/schema\/logo\/image\/"}}]}},"_links":{"self":[{"href":"https:\/\/aranafix.com\/es\/wp-json\/wp\/v2\/pages\/129","targetHints":{"allow":["GET"]}}],"collection":[{"href":"https:\/\/aranafix.com\/es\/wp-json\/wp\/v2\/pages"}],"about":[{"href":"https:\/\/aranafix.com\/es\/wp-json\/wp\/v2\/types\/page"}],"author":[{"embeddable":true,"href":"https:\/\/aranafix.com\/es\/wp-json\/wp\/v2\/users\/1"}],"replies":[{"embeddable":true,"href":"https:\/\/aranafix.com\/es\/wp-json\/wp\/v2\/comments?post=129"}],"version-history":[{"count":55,"href":"https:\/\/aranafix.com\/es\/wp-json\/wp\/v2\/pages\/129\/revisions"}],"predecessor-version":[{"id":8585,"href":"https:\/\/aranafix.com\/es\/wp-json\/wp\/v2\/pages\/129\/revisions\/8585"}],"wp:attachment":[{"href":"https:\/\/aranafix.com\/es\/wp-json\/wp\/v2\/media?parent=129"}],"curies":[{"name":"wp","href":"https:\/\/api.w.org\/{rel}","templated":true}]}}